{"id":61557,"date":"2020-11-10T15:56:32","date_gmt":"2020-11-10T14:56:32","guid":{"rendered":"https:\/\/www.huruguen.fr\/site\/?page_id=61557"},"modified":"2020-11-10T16:19:00","modified_gmt":"2020-11-10T15:19:00","slug":"photographe-evenementiel-bordeaux","status":"publish","type":"page","link":"https:\/\/www.huruguen.fr\/site\/professionnels\/photographe-evenementiel-bordeaux\/","title":{"rendered":"Ev\u00e9nementiel"},"content":{"rendered":"\n<h2 class=\"wp-block-heading\">Un professionnel de la photographie \u00e9v\u00e9nementielle dans le Sud-Ouest<\/h2>\n\n\n\n<div style=\"height:50px\" aria-hidden=\"true\" class=\"wp-block-spacer\"><\/div>\n\n\n\n<p>S\u00e9bastien Huruguen est un photographe professionnel dipl\u00f4m\u00e9 sp\u00e9cialiste de la photographie \u00e9v\u00e9nementielle \u00e0 Bordeaux et dans le sud ouest de la France.<\/p>\n\n\n\n<p>A la fois technique et cr\u00e9atif, S\u00e9bastien Huruguen est \u00e0 m\u00eame de r\u00e9aliser des reportages photographiques de tr\u00e8s grande qualit\u00e9 quelque soit la nature de vos \u00e9v\u00e9nements.<\/p>\n\n\n\n<p>S\u00e9bastien Huruguen c\u2019est votre prestataire de confiance, comp\u00e9tent et professionnel c\u2019est \u00e0 la fois un artiste dipl\u00f4m\u00e9 du BTS photographie et un artisan inscrit au r\u00e9pertoire des m\u00e9tiers.<\/p>\n\n\n\n<p>S\u00e9bastien Huruguen vous propose des prestations de qualit\u00e9 adapt\u00e9es \u00e0 chacun de vos besoins en image.<\/p>\n","protected":false},"excerpt":{"rendered":"<p>Un professionnel de la photographie \u00e9v\u00e9nementielle dans le Sud-Ouest S\u00e9bastien Huruguen est un photographe professionnel dipl\u00f4m\u00e9 sp\u00e9cialiste de la photographie \u00e9v\u00e9nementielle \u00e0 Bordeaux et dans le sud ouest de la France. A la fois technique et cr\u00e9atif, S\u00e9bastien Huruguen est &hellip; <a href=\"https:\/\/www.huruguen.fr\/site\/professionnels\/photographe-evenementiel-bordeaux\/\">Lire la suite<\/a><\/p>\n","protected":false},"author":1,"featured_media":53654,"parent":61524,"menu_order":0,"comment_status":"closed","ping_status":"closed","template":"template-portfolio-grid.php","meta":{"kt_blocks_editor_width":"","footnotes":""},"class_list":["post-61557","page","type-page","status-publish","has-post-thumbnail","hentry"],"yoast_head":"<!-- This site is optimized with the Yoast SEO plugin v27.5 - https:\/\/yoast.com\/product\/yoast-seo-wordpress\/ -->\n<title>Ev\u00e9nementiel - Photographe Professionnel \u00e0 Bordeaux &#x1f4f7; Sebastien Huruguen<\/title>\n<meta name=\"description\" content=\"S\u00e9bastien Huruguen est un photographe professionnel dipl\u00f4m\u00e9 sp\u00e9cialiste de la photographie \u00e9v\u00e9nementielle \u00e0 Bordeaux et dans le sud ouest.\" \/>\n<meta name=\"robots\" content=\"index, follow, max-snippet:-1, max-image-preview:large, max-video-preview:-1\" \/>\n<link rel=\"canonical\" href=\"https:\/\/www.huruguen.fr\/site\/professionnels\/photographe-evenementiel-bordeaux\/\" \/>\n<meta property=\"og:locale\" content=\"fr_FR\" \/>\n<meta property=\"og:type\" content=\"article\" \/>\n<meta property=\"og:title\" content=\"Ev\u00e9nementiel - Photographe Professionnel \u00e0 Bordeaux &#x1f4f7; Sebastien Huruguen\" \/>\n<meta property=\"og:description\" content=\"S\u00e9bastien Huruguen est un photographe professionnel dipl\u00f4m\u00e9 sp\u00e9cialiste de la photographie \u00e9v\u00e9nementielle \u00e0 Bordeaux et dans le sud ouest.\" \/>\n<meta property=\"og:url\" content=\"https:\/\/www.huruguen.fr\/site\/professionnels\/photographe-evenementiel-bordeaux\/\" \/>\n<meta property=\"og:site_name\" content=\"Photographe Professionnel \u00e0 Bordeaux &#x1f4f7; Sebastien Huruguen\" \/>\n<meta property=\"article:publisher\" content=\"https:\/\/www.facebook.com\/huruguen\" \/>\n<meta property=\"article:modified_time\" content=\"2020-11-10T15:19:00+00:00\" \/>\n<meta property=\"og:image\" content=\"https:\/\/www.huruguen.fr\/site\/wp-content\/uploads\/2016\/03\/photographe-soiree-evenementiel-bordeaux-sebastien-huruguen-chateau-grattequina-14.jpg\" \/>\n\t<meta property=\"og:image:width\" content=\"2000\" \/>\n\t<meta property=\"og:image:height\" content=\"1333\" \/>\n\t<meta property=\"og:image:type\" content=\"image\/jpeg\" \/>\n<meta name=\"twitter:card\" content=\"summary_large_image\" \/>\n<meta name=\"twitter:site\" content=\"@www_huruguen_fr\" \/>\n<meta name=\"twitter:label1\" content=\"Dur\u00e9e de lecture estim\u00e9e\" \/>\n\t<meta name=\"twitter:data1\" content=\"1 minute\" \/>\n<script type=\"application\/ld+json\" class=\"yoast-schema-graph\">{\"@context\":\"https:\\\/\\\/schema.org\",\"@graph\":[{\"@type\":\"WebPage\",\"@id\":\"https:\\\/\\\/www.huruguen.fr\\\/site\\\/professionnels\\\/photographe-evenementiel-bordeaux\\\/\",\"url\":\"https:\\\/\\\/www.huruguen.fr\\\/site\\\/professionnels\\\/photographe-evenementiel-bordeaux\\\/\",\"name\":\"Ev\u00e9nementiel - Photographe Professionnel \u00e0 Bordeaux &#x1f4f7; Sebastien Huruguen\",\"isPartOf\":{\"@id\":\"https:\\\/\\\/www.huruguen.fr\\\/site\\\/#website\"},\"primaryImageOfPage\":{\"@id\":\"https:\\\/\\\/www.huruguen.fr\\\/site\\\/professionnels\\\/photographe-evenementiel-bordeaux\\\/#primaryimage\"},\"image\":{\"@id\":\"https:\\\/\\\/www.huruguen.fr\\\/site\\\/professionnels\\\/photographe-evenementiel-bordeaux\\\/#primaryimage\"},\"thumbnailUrl\":\"https:\\\/\\\/www.huruguen.fr\\\/site\\\/wp-content\\\/uploads\\\/2016\\\/03\\\/photographe-soiree-evenementiel-bordeaux-sebastien-huruguen-chateau-grattequina-14.jpg\",\"datePublished\":\"2020-11-10T14:56:32+00:00\",\"dateModified\":\"2020-11-10T15:19:00+00:00\",\"description\":\"S\u00e9bastien Huruguen est un photographe professionnel dipl\u00f4m\u00e9 sp\u00e9cialiste de la photographie \u00e9v\u00e9nementielle \u00e0 Bordeaux et dans le sud ouest.\",\"breadcrumb\":{\"@id\":\"https:\\\/\\\/www.huruguen.fr\\\/site\\\/professionnels\\\/photographe-evenementiel-bordeaux\\\/#breadcrumb\"},\"inLanguage\":\"fr-FR\",\"potentialAction\":[{\"@type\":\"ReadAction\",\"target\":[\"https:\\\/\\\/www.huruguen.fr\\\/site\\\/professionnels\\\/photographe-evenementiel-bordeaux\\\/\"]}]},{\"@type\":\"ImageObject\",\"inLanguage\":\"fr-FR\",\"@id\":\"https:\\\/\\\/www.huruguen.fr\\\/site\\\/professionnels\\\/photographe-evenementiel-bordeaux\\\/#primaryimage\",\"url\":\"https:\\\/\\\/www.huruguen.fr\\\/site\\\/wp-content\\\/uploads\\\/2016\\\/03\\\/photographe-soiree-evenementiel-bordeaux-sebastien-huruguen-chateau-grattequina-14.jpg\",\"contentUrl\":\"https:\\\/\\\/www.huruguen.fr\\\/site\\\/wp-content\\\/uploads\\\/2016\\\/03\\\/photographe-soiree-evenementiel-bordeaux-sebastien-huruguen-chateau-grattequina-14.jpg\",\"width\":2000,\"height\":1333},{\"@type\":\"BreadcrumbList\",\"@id\":\"https:\\\/\\\/www.huruguen.fr\\\/site\\\/professionnels\\\/photographe-evenementiel-bordeaux\\\/#breadcrumb\",\"itemListElement\":[{\"@type\":\"ListItem\",\"position\":1,\"name\":\"Accueil\",\"item\":\"https:\\\/\\\/www.huruguen.fr\\\/site\\\/\"},{\"@type\":\"ListItem\",\"position\":2,\"name\":\"Professionnels\",\"item\":\"https:\\\/\\\/www.huruguen.fr\\\/site\\\/professionnels\\\/\"},{\"@type\":\"ListItem\",\"position\":3,\"name\":\"Ev\u00e9nementiel\"}]},{\"@type\":\"WebSite\",\"@id\":\"https:\\\/\\\/www.huruguen.fr\\\/site\\\/#website\",\"url\":\"https:\\\/\\\/www.huruguen.fr\\\/site\\\/\",\"name\":\"Photographe Professionnel \u00e0 Bordeaux Sebastien Huruguen\",\"description\":\"Photographe professionnel ind\u00e9pendant a Bordeaux. Prestations et services photograpphiques pour les professionnels et particuliers : reportages, s\u00e9ances photos, studio, packshot.\",\"publisher\":{\"@id\":\"https:\\\/\\\/www.huruguen.fr\\\/site\\\/#organization\"},\"potentialAction\":[{\"@type\":\"SearchAction\",\"target\":{\"@type\":\"EntryPoint\",\"urlTemplate\":\"https:\\\/\\\/www.huruguen.fr\\\/site\\\/?s={search_term_string}\"},\"query-input\":{\"@type\":\"PropertyValueSpecification\",\"valueRequired\":true,\"valueName\":\"search_term_string\"}}],\"inLanguage\":\"fr-FR\"},{\"@type\":\"Organization\",\"@id\":\"https:\\\/\\\/www.huruguen.fr\\\/site\\\/#organization\",\"name\":\"S\u00e9bastien Huruguen Photographe\",\"url\":\"https:\\\/\\\/www.huruguen.fr\\\/site\\\/\",\"logo\":{\"@type\":\"ImageObject\",\"inLanguage\":\"fr-FR\",\"@id\":\"https:\\\/\\\/www.huruguen.fr\\\/site\\\/#\\\/schema\\\/logo\\\/image\\\/\",\"url\":\"https:\\\/\\\/www.huruguen.fr\\\/site\\\/wp-content\\\/uploads\\\/2018\\\/03\\\/Logo-Huruguen-triptique-2018-noir-1500.jpg\",\"contentUrl\":\"https:\\\/\\\/www.huruguen.fr\\\/site\\\/wp-content\\\/uploads\\\/2018\\\/03\\\/Logo-Huruguen-triptique-2018-noir-1500.jpg\",\"width\":1500,\"height\":1500,\"caption\":\"S\u00e9bastien Huruguen Photographe\"},\"image\":{\"@id\":\"https:\\\/\\\/www.huruguen.fr\\\/site\\\/#\\\/schema\\\/logo\\\/image\\\/\"},\"sameAs\":[\"https:\\\/\\\/www.facebook.com\\\/huruguen\",\"https:\\\/\\\/x.com\\\/www_huruguen_fr\",\"https:\\\/\\\/www.instagram.com\\\/sebastien.huruguen\\\/\"]}]}<\/script>\n<!-- \/ Yoast SEO plugin. -->","yoast_head_json":{"title":"Ev\u00e9nementiel - Photographe Professionnel \u00e0 Bordeaux &#x1f4f7; Sebastien Huruguen","description":"S\u00e9bastien Huruguen est un photographe professionnel dipl\u00f4m\u00e9 sp\u00e9cialiste de la photographie \u00e9v\u00e9nementielle \u00e0 Bordeaux et dans le sud ouest.","robots":{"index":"index","follow":"follow","max-snippet":"max-snippet:-1","max-image-preview":"max-image-preview:large","max-video-preview":"max-video-preview:-1"},"canonical":"https:\/\/www.huruguen.fr\/site\/professionnels\/photographe-evenementiel-bordeaux\/","og_locale":"fr_FR","og_type":"article","og_title":"Ev\u00e9nementiel - Photographe Professionnel \u00e0 Bordeaux &#x1f4f7; Sebastien Huruguen","og_description":"S\u00e9bastien Huruguen est un photographe professionnel dipl\u00f4m\u00e9 sp\u00e9cialiste de la photographie \u00e9v\u00e9nementielle \u00e0 Bordeaux et dans le sud ouest.","og_url":"https:\/\/www.huruguen.fr\/site\/professionnels\/photographe-evenementiel-bordeaux\/","og_site_name":"Photographe Professionnel \u00e0 Bordeaux &#x1f4f7; Sebastien Huruguen","article_publisher":"https:\/\/www.facebook.com\/huruguen","article_modified_time":"2020-11-10T15:19:00+00:00","og_image":[{"width":2000,"height":1333,"url":"https:\/\/www.huruguen.fr\/site\/wp-content\/uploads\/2016\/03\/photographe-soiree-evenementiel-bordeaux-sebastien-huruguen-chateau-grattequina-14.jpg","type":"image\/jpeg"}],"twitter_card":"summary_large_image","twitter_site":"@www_huruguen_fr","twitter_misc":{"Dur\u00e9e de lecture estim\u00e9e":"1 minute"},"schema":{"@context":"https:\/\/schema.org","@graph":[{"@type":"WebPage","@id":"https:\/\/www.huruguen.fr\/site\/professionnels\/photographe-evenementiel-bordeaux\/","url":"https:\/\/www.huruguen.fr\/site\/professionnels\/photographe-evenementiel-bordeaux\/","name":"Ev\u00e9nementiel - Photographe Professionnel \u00e0 Bordeaux &#x1f4f7; Sebastien Huruguen","isPartOf":{"@id":"https:\/\/www.huruguen.fr\/site\/#website"},"primaryImageOfPage":{"@id":"https:\/\/www.huruguen.fr\/site\/professionnels\/photographe-evenementiel-bordeaux\/#primaryimage"},"image":{"@id":"https:\/\/www.huruguen.fr\/site\/professionnels\/photographe-evenementiel-bordeaux\/#primaryimage"},"thumbnailUrl":"https:\/\/www.huruguen.fr\/site\/wp-content\/uploads\/2016\/03\/photographe-soiree-evenementiel-bordeaux-sebastien-huruguen-chateau-grattequina-14.jpg","datePublished":"2020-11-10T14:56:32+00:00","dateModified":"2020-11-10T15:19:00+00:00","description":"S\u00e9bastien Huruguen est un photographe professionnel dipl\u00f4m\u00e9 sp\u00e9cialiste de la photographie \u00e9v\u00e9nementielle \u00e0 Bordeaux et dans le sud ouest.","breadcrumb":{"@id":"https:\/\/www.huruguen.fr\/site\/professionnels\/photographe-evenementiel-bordeaux\/#breadcrumb"},"inLanguage":"fr-FR","potentialAction":[{"@type":"ReadAction","target":["https:\/\/www.huruguen.fr\/site\/professionnels\/photographe-evenementiel-bordeaux\/"]}]},{"@type":"ImageObject","inLanguage":"fr-FR","@id":"https:\/\/www.huruguen.fr\/site\/professionnels\/photographe-evenementiel-bordeaux\/#primaryimage","url":"https:\/\/www.huruguen.fr\/site\/wp-content\/uploads\/2016\/03\/photographe-soiree-evenementiel-bordeaux-sebastien-huruguen-chateau-grattequina-14.jpg","contentUrl":"https:\/\/www.huruguen.fr\/site\/wp-content\/uploads\/2016\/03\/photographe-soiree-evenementiel-bordeaux-sebastien-huruguen-chateau-grattequina-14.jpg","width":2000,"height":1333},{"@type":"BreadcrumbList","@id":"https:\/\/www.huruguen.fr\/site\/professionnels\/photographe-evenementiel-bordeaux\/#breadcrumb","itemListElement":[{"@type":"ListItem","position":1,"name":"Accueil","item":"https:\/\/www.huruguen.fr\/site\/"},{"@type":"ListItem","position":2,"name":"Professionnels","item":"https:\/\/www.huruguen.fr\/site\/professionnels\/"},{"@type":"ListItem","position":3,"name":"Ev\u00e9nementiel"}]},{"@type":"WebSite","@id":"https:\/\/www.huruguen.fr\/site\/#website","url":"https:\/\/www.huruguen.fr\/site\/","name":"Photographe Professionnel \u00e0 Bordeaux Sebastien Huruguen","description":"Photographe professionnel ind\u00e9pendant a Bordeaux. Prestations et services photograpphiques pour les professionnels et particuliers : reportages, s\u00e9ances photos, studio, packshot.","publisher":{"@id":"https:\/\/www.huruguen.fr\/site\/#organization"},"potentialAction":[{"@type":"SearchAction","target":{"@type":"EntryPoint","urlTemplate":"https:\/\/www.huruguen.fr\/site\/?s={search_term_string}"},"query-input":{"@type":"PropertyValueSpecification","valueRequired":true,"valueName":"search_term_string"}}],"inLanguage":"fr-FR"},{"@type":"Organization","@id":"https:\/\/www.huruguen.fr\/site\/#organization","name":"S\u00e9bastien Huruguen Photographe","url":"https:\/\/www.huruguen.fr\/site\/","logo":{"@type":"ImageObject","inLanguage":"fr-FR","@id":"https:\/\/www.huruguen.fr\/site\/#\/schema\/logo\/image\/","url":"https:\/\/www.huruguen.fr\/site\/wp-content\/uploads\/2018\/03\/Logo-Huruguen-triptique-2018-noir-1500.jpg","contentUrl":"https:\/\/www.huruguen.fr\/site\/wp-content\/uploads\/2018\/03\/Logo-Huruguen-triptique-2018-noir-1500.jpg","width":1500,"height":1500,"caption":"S\u00e9bastien Huruguen Photographe"},"image":{"@id":"https:\/\/www.huruguen.fr\/site\/#\/schema\/logo\/image\/"},"sameAs":["https:\/\/www.facebook.com\/huruguen","https:\/\/x.com\/www_huruguen_fr","https:\/\/www.instagram.com\/sebastien.huruguen\/"]}]}},"_links":{"self":[{"href":"https:\/\/www.huruguen.fr\/site\/wp-json\/wp\/v2\/pages\/61557","targetHints":{"allow":["GET"]}}],"collection":[{"href":"https:\/\/www.huruguen.fr\/site\/wp-json\/wp\/v2\/pages"}],"about":[{"href":"https:\/\/www.huruguen.fr\/site\/wp-json\/wp\/v2\/types\/page"}],"author":[{"embeddable":true,"href":"https:\/\/www.huruguen.fr\/site\/wp-json\/wp\/v2\/users\/1"}],"replies":[{"embeddable":true,"href":"https:\/\/www.huruguen.fr\/site\/wp-json\/wp\/v2\/comments?post=61557"}],"version-history":[{"count":2,"href":"https:\/\/www.huruguen.fr\/site\/wp-json\/wp\/v2\/pages\/61557\/revisions"}],"predecessor-version":[{"id":61568,"href":"https:\/\/www.huruguen.fr\/site\/wp-json\/wp\/v2\/pages\/61557\/revisions\/61568"}],"up":[{"embeddable":true,"href":"https:\/\/www.huruguen.fr\/site\/wp-json\/wp\/v2\/pages\/61524"}],"wp:featuredmedia":[{"embeddable":true,"href":"https:\/\/www.huruguen.fr\/site\/wp-json\/wp\/v2\/media\/53654"}],"wp:attachment":[{"href":"https:\/\/www.huruguen.fr\/site\/wp-json\/wp\/v2\/media?parent=61557"}],"curies":[{"name":"wp","href":"https:\/\/api.w.org\/{rel}","templated":true}]}}