{"id":60227,"date":"2020-04-07T10:58:27","date_gmt":"2020-04-07T09:58:27","guid":{"rendered":"https:\/\/www.huruguen.fr\/site\/?page_id=60227"},"modified":"2026-05-04T15:35:50","modified_gmt":"2026-05-04T14:35:50","slug":"boutique-photos-triathlons","status":"publish","type":"page","link":"https:\/\/www.huruguen.fr\/site\/boutique-photos-triathlons\/","title":{"rendered":"La Boutique Photos de Triathlon"},"content":{"rendered":"<p style=\"user-select: auto; text-align: center;\">(Sur smartphones et tablettes, utilisez la <a style=\"user-select: auto;\" href=\"http:\/\/www.huruguen.fr\/triathlon\">VERSION MOBILE<\/a>)<\/p>\n\n\n<div style=\"height:100px\" aria-hidden=\"true\" class=\"wp-block-spacer\"><\/div>\n","protected":false},"excerpt":{"rendered":"<p>(Sur smartphones et tablettes, utilisez la VERSION MOBILE)<\/p>\n","protected":false},"author":1,"featured_media":63334,"parent":0,"menu_order":0,"comment_status":"closed","ping_status":"closed","template":"template-blog.php","meta":{"kt_blocks_editor_width":"","footnotes":""},"class_list":["post-60227","page","type-page","status-publish","has-post-thumbnail","hentry"],"yoast_head":"<!-- This site is optimized with the Yoast SEO plugin v27.5 - https:\/\/yoast.com\/product\/yoast-seo-wordpress\/ -->\n<title>La Boutique Photos de Triathlon - Photographe Professionnel \u00e0 Bordeaux &#x1f4f7; Sebastien Huruguen<\/title>\n<meta name=\"description\" content=\"La nouvelle Boutique Photos de Triathlon pour consulter, commander et recevoir les photos HD de votre course par email. S\u00e9bastien Huruguen\" \/>\n<meta name=\"robots\" content=\"index, follow, max-snippet:-1, max-image-preview:large, max-video-preview:-1\" \/>\n<link rel=\"canonical\" href=\"https:\/\/www.huruguen.fr\/site\/boutique-photos-triathlons\/\" \/>\n<meta property=\"og:locale\" content=\"fr_FR\" \/>\n<meta property=\"og:type\" content=\"article\" \/>\n<meta property=\"og:title\" content=\"La Boutique Photos de Triathlon - Photographe Professionnel \u00e0 Bordeaux &#x1f4f7; Sebastien Huruguen\" \/>\n<meta property=\"og:description\" content=\"La nouvelle Boutique Photos de Triathlon pour consulter, commander et recevoir les photos HD de votre course par email. S\u00e9bastien Huruguen\" \/>\n<meta property=\"og:url\" content=\"https:\/\/www.huruguen.fr\/site\/boutique-photos-triathlons\/\" \/>\n<meta property=\"og:site_name\" content=\"Photographe Professionnel \u00e0 Bordeaux &#x1f4f7; Sebastien Huruguen\" \/>\n<meta property=\"article:publisher\" content=\"https:\/\/www.facebook.com\/huruguen\" \/>\n<meta property=\"article:modified_time\" content=\"2026-05-04T14:35:50+00:00\" \/>\n<meta property=\"og:image\" content=\"https:\/\/www.huruguen.fr\/site\/wp-content\/uploads\/2025\/05\/H-A-Frenchman-triathlon-Carcans-2025.jpg\" \/>\n\t<meta property=\"og:image:width\" content=\"1640\" \/>\n\t<meta property=\"og:image:height\" content=\"624\" \/>\n\t<meta property=\"og:image:type\" content=\"image\/jpeg\" \/>\n<meta name=\"twitter:card\" content=\"summary_large_image\" \/>\n<meta name=\"twitter:site\" content=\"@www_huruguen_fr\" \/>\n<meta name=\"twitter:label1\" content=\"Dur\u00e9e de lecture estim\u00e9e\" \/>\n\t<meta name=\"twitter:data1\" content=\"1 minute\" \/>\n<script type=\"application\/ld+json\" class=\"yoast-schema-graph\">{\"@context\":\"https:\\\/\\\/schema.org\",\"@graph\":[{\"@type\":\"WebPage\",\"@id\":\"https:\\\/\\\/www.huruguen.fr\\\/site\\\/boutique-photos-triathlons\\\/\",\"url\":\"https:\\\/\\\/www.huruguen.fr\\\/site\\\/boutique-photos-triathlons\\\/\",\"name\":\"La Boutique Photos de Triathlon - Photographe Professionnel \u00e0 Bordeaux &#x1f4f7; Sebastien Huruguen\",\"isPartOf\":{\"@id\":\"https:\\\/\\\/www.huruguen.fr\\\/site\\\/#website\"},\"primaryImageOfPage\":{\"@id\":\"https:\\\/\\\/www.huruguen.fr\\\/site\\\/boutique-photos-triathlons\\\/#primaryimage\"},\"image\":{\"@id\":\"https:\\\/\\\/www.huruguen.fr\\\/site\\\/boutique-photos-triathlons\\\/#primaryimage\"},\"thumbnailUrl\":\"https:\\\/\\\/www.huruguen.fr\\\/site\\\/wp-content\\\/uploads\\\/2025\\\/05\\\/H-A-Frenchman-triathlon-Carcans-2025.jpg\",\"datePublished\":\"2020-04-07T09:58:27+00:00\",\"dateModified\":\"2026-05-04T14:35:50+00:00\",\"description\":\"La nouvelle Boutique Photos de Triathlon pour consulter, commander et recevoir les photos HD de votre course par email. S\u00e9bastien Huruguen\",\"breadcrumb\":{\"@id\":\"https:\\\/\\\/www.huruguen.fr\\\/site\\\/boutique-photos-triathlons\\\/#breadcrumb\"},\"inLanguage\":\"fr-FR\",\"potentialAction\":[{\"@type\":\"ReadAction\",\"target\":[\"https:\\\/\\\/www.huruguen.fr\\\/site\\\/boutique-photos-triathlons\\\/\"]}]},{\"@type\":\"ImageObject\",\"inLanguage\":\"fr-FR\",\"@id\":\"https:\\\/\\\/www.huruguen.fr\\\/site\\\/boutique-photos-triathlons\\\/#primaryimage\",\"url\":\"https:\\\/\\\/www.huruguen.fr\\\/site\\\/wp-content\\\/uploads\\\/2025\\\/05\\\/H-A-Frenchman-triathlon-Carcans-2025.jpg\",\"contentUrl\":\"https:\\\/\\\/www.huruguen.fr\\\/site\\\/wp-content\\\/uploads\\\/2025\\\/05\\\/H-A-Frenchman-triathlon-Carcans-2025.jpg\",\"width\":1640,\"height\":624,\"caption\":\"Photos officielles du Frenchman Triathlon Carcans 2025\"},{\"@type\":\"BreadcrumbList\",\"@id\":\"https:\\\/\\\/www.huruguen.fr\\\/site\\\/boutique-photos-triathlons\\\/#breadcrumb\",\"itemListElement\":[{\"@type\":\"ListItem\",\"position\":1,\"name\":\"Accueil\",\"item\":\"https:\\\/\\\/www.huruguen.fr\\\/site\\\/\"},{\"@type\":\"ListItem\",\"position\":2,\"name\":\"La Boutique Photos de Triathlon\"}]},{\"@type\":\"WebSite\",\"@id\":\"https:\\\/\\\/www.huruguen.fr\\\/site\\\/#website\",\"url\":\"https:\\\/\\\/www.huruguen.fr\\\/site\\\/\",\"name\":\"Photographe Professionnel \u00e0 Bordeaux Sebastien Huruguen\",\"description\":\"Photographe professionnel ind\u00e9pendant a Bordeaux. Prestations et services photograpphiques pour les professionnels et particuliers : reportages, s\u00e9ances photos, studio, packshot.\",\"publisher\":{\"@id\":\"https:\\\/\\\/www.huruguen.fr\\\/site\\\/#organization\"},\"potentialAction\":[{\"@type\":\"SearchAction\",\"target\":{\"@type\":\"EntryPoint\",\"urlTemplate\":\"https:\\\/\\\/www.huruguen.fr\\\/site\\\/?s={search_term_string}\"},\"query-input\":{\"@type\":\"PropertyValueSpecification\",\"valueRequired\":true,\"valueName\":\"search_term_string\"}}],\"inLanguage\":\"fr-FR\"},{\"@type\":\"Organization\",\"@id\":\"https:\\\/\\\/www.huruguen.fr\\\/site\\\/#organization\",\"name\":\"S\u00e9bastien Huruguen Photographe\",\"url\":\"https:\\\/\\\/www.huruguen.fr\\\/site\\\/\",\"logo\":{\"@type\":\"ImageObject\",\"inLanguage\":\"fr-FR\",\"@id\":\"https:\\\/\\\/www.huruguen.fr\\\/site\\\/#\\\/schema\\\/logo\\\/image\\\/\",\"url\":\"https:\\\/\\\/www.huruguen.fr\\\/site\\\/wp-content\\\/uploads\\\/2018\\\/03\\\/Logo-Huruguen-triptique-2018-noir-1500.jpg\",\"contentUrl\":\"https:\\\/\\\/www.huruguen.fr\\\/site\\\/wp-content\\\/uploads\\\/2018\\\/03\\\/Logo-Huruguen-triptique-2018-noir-1500.jpg\",\"width\":1500,\"height\":1500,\"caption\":\"S\u00e9bastien Huruguen Photographe\"},\"image\":{\"@id\":\"https:\\\/\\\/www.huruguen.fr\\\/site\\\/#\\\/schema\\\/logo\\\/image\\\/\"},\"sameAs\":[\"https:\\\/\\\/www.facebook.com\\\/huruguen\",\"https:\\\/\\\/x.com\\\/www_huruguen_fr\",\"https:\\\/\\\/www.instagram.com\\\/sebastien.huruguen\\\/\"]}]}<\/script>\n<!-- \/ Yoast SEO plugin. -->","yoast_head_json":{"title":"La Boutique Photos de Triathlon - Photographe Professionnel \u00e0 Bordeaux &#x1f4f7; Sebastien Huruguen","description":"La nouvelle Boutique Photos de Triathlon pour consulter, commander et recevoir les photos HD de votre course par email. S\u00e9bastien Huruguen","robots":{"index":"index","follow":"follow","max-snippet":"max-snippet:-1","max-image-preview":"max-image-preview:large","max-video-preview":"max-video-preview:-1"},"canonical":"https:\/\/www.huruguen.fr\/site\/boutique-photos-triathlons\/","og_locale":"fr_FR","og_type":"article","og_title":"La Boutique Photos de Triathlon - Photographe Professionnel \u00e0 Bordeaux &#x1f4f7; Sebastien Huruguen","og_description":"La nouvelle Boutique Photos de Triathlon pour consulter, commander et recevoir les photos HD de votre course par email. S\u00e9bastien Huruguen","og_url":"https:\/\/www.huruguen.fr\/site\/boutique-photos-triathlons\/","og_site_name":"Photographe Professionnel \u00e0 Bordeaux &#x1f4f7; Sebastien Huruguen","article_publisher":"https:\/\/www.facebook.com\/huruguen","article_modified_time":"2026-05-04T14:35:50+00:00","og_image":[{"width":1640,"height":624,"url":"https:\/\/www.huruguen.fr\/site\/wp-content\/uploads\/2025\/05\/H-A-Frenchman-triathlon-Carcans-2025.jpg","type":"image\/jpeg"}],"twitter_card":"summary_large_image","twitter_site":"@www_huruguen_fr","twitter_misc":{"Dur\u00e9e de lecture estim\u00e9e":"1 minute"},"schema":{"@context":"https:\/\/schema.org","@graph":[{"@type":"WebPage","@id":"https:\/\/www.huruguen.fr\/site\/boutique-photos-triathlons\/","url":"https:\/\/www.huruguen.fr\/site\/boutique-photos-triathlons\/","name":"La Boutique Photos de Triathlon - Photographe Professionnel \u00e0 Bordeaux &#x1f4f7; Sebastien Huruguen","isPartOf":{"@id":"https:\/\/www.huruguen.fr\/site\/#website"},"primaryImageOfPage":{"@id":"https:\/\/www.huruguen.fr\/site\/boutique-photos-triathlons\/#primaryimage"},"image":{"@id":"https:\/\/www.huruguen.fr\/site\/boutique-photos-triathlons\/#primaryimage"},"thumbnailUrl":"https:\/\/www.huruguen.fr\/site\/wp-content\/uploads\/2025\/05\/H-A-Frenchman-triathlon-Carcans-2025.jpg","datePublished":"2020-04-07T09:58:27+00:00","dateModified":"2026-05-04T14:35:50+00:00","description":"La nouvelle Boutique Photos de Triathlon pour consulter, commander et recevoir les photos HD de votre course par email. S\u00e9bastien Huruguen","breadcrumb":{"@id":"https:\/\/www.huruguen.fr\/site\/boutique-photos-triathlons\/#breadcrumb"},"inLanguage":"fr-FR","potentialAction":[{"@type":"ReadAction","target":["https:\/\/www.huruguen.fr\/site\/boutique-photos-triathlons\/"]}]},{"@type":"ImageObject","inLanguage":"fr-FR","@id":"https:\/\/www.huruguen.fr\/site\/boutique-photos-triathlons\/#primaryimage","url":"https:\/\/www.huruguen.fr\/site\/wp-content\/uploads\/2025\/05\/H-A-Frenchman-triathlon-Carcans-2025.jpg","contentUrl":"https:\/\/www.huruguen.fr\/site\/wp-content\/uploads\/2025\/05\/H-A-Frenchman-triathlon-Carcans-2025.jpg","width":1640,"height":624,"caption":"Photos officielles du Frenchman Triathlon Carcans 2025"},{"@type":"BreadcrumbList","@id":"https:\/\/www.huruguen.fr\/site\/boutique-photos-triathlons\/#breadcrumb","itemListElement":[{"@type":"ListItem","position":1,"name":"Accueil","item":"https:\/\/www.huruguen.fr\/site\/"},{"@type":"ListItem","position":2,"name":"La Boutique Photos de Triathlon"}]},{"@type":"WebSite","@id":"https:\/\/www.huruguen.fr\/site\/#website","url":"https:\/\/www.huruguen.fr\/site\/","name":"Photographe Professionnel \u00e0 Bordeaux Sebastien Huruguen","description":"Photographe professionnel ind\u00e9pendant a Bordeaux. Prestations et services photograpphiques pour les professionnels et particuliers : reportages, s\u00e9ances photos, studio, packshot.","publisher":{"@id":"https:\/\/www.huruguen.fr\/site\/#organization"},"potentialAction":[{"@type":"SearchAction","target":{"@type":"EntryPoint","urlTemplate":"https:\/\/www.huruguen.fr\/site\/?s={search_term_string}"},"query-input":{"@type":"PropertyValueSpecification","valueRequired":true,"valueName":"search_term_string"}}],"inLanguage":"fr-FR"},{"@type":"Organization","@id":"https:\/\/www.huruguen.fr\/site\/#organization","name":"S\u00e9bastien Huruguen Photographe","url":"https:\/\/www.huruguen.fr\/site\/","logo":{"@type":"ImageObject","inLanguage":"fr-FR","@id":"https:\/\/www.huruguen.fr\/site\/#\/schema\/logo\/image\/","url":"https:\/\/www.huruguen.fr\/site\/wp-content\/uploads\/2018\/03\/Logo-Huruguen-triptique-2018-noir-1500.jpg","contentUrl":"https:\/\/www.huruguen.fr\/site\/wp-content\/uploads\/2018\/03\/Logo-Huruguen-triptique-2018-noir-1500.jpg","width":1500,"height":1500,"caption":"S\u00e9bastien Huruguen Photographe"},"image":{"@id":"https:\/\/www.huruguen.fr\/site\/#\/schema\/logo\/image\/"},"sameAs":["https:\/\/www.facebook.com\/huruguen","https:\/\/x.com\/www_huruguen_fr","https:\/\/www.instagram.com\/sebastien.huruguen\/"]}]}},"_links":{"self":[{"href":"https:\/\/www.huruguen.fr\/site\/wp-json\/wp\/v2\/pages\/60227","targetHints":{"allow":["GET"]}}],"collection":[{"href":"https:\/\/www.huruguen.fr\/site\/wp-json\/wp\/v2\/pages"}],"about":[{"href":"https:\/\/www.huruguen.fr\/site\/wp-json\/wp\/v2\/types\/page"}],"author":[{"embeddable":true,"href":"https:\/\/www.huruguen.fr\/site\/wp-json\/wp\/v2\/users\/1"}],"replies":[{"embeddable":true,"href":"https:\/\/www.huruguen.fr\/site\/wp-json\/wp\/v2\/comments?post=60227"}],"version-history":[{"count":9,"href":"https:\/\/www.huruguen.fr\/site\/wp-json\/wp\/v2\/pages\/60227\/revisions"}],"predecessor-version":[{"id":63435,"href":"https:\/\/www.huruguen.fr\/site\/wp-json\/wp\/v2\/pages\/60227\/revisions\/63435"}],"wp:featuredmedia":[{"embeddable":true,"href":"https:\/\/www.huruguen.fr\/site\/wp-json\/wp\/v2\/media\/63334"}],"wp:attachment":[{"href":"https:\/\/www.huruguen.fr\/site\/wp-json\/wp\/v2\/media?parent=60227"}],"curies":[{"name":"wp","href":"https:\/\/api.w.org\/{rel}","templated":true}]}}