{"id":55685,"date":"2017-11-21T11:55:52","date_gmt":"2017-11-21T10:55:52","guid":{"rendered":"http:\/\/www.huruguen.fr\/site\/?page_id=55685"},"modified":"2022-11-17T10:50:04","modified_gmt":"2022-11-17T09:50:04","slug":"actualites","status":"publish","type":"page","link":"https:\/\/www.huruguen.fr\/site\/actualites\/","title":{"rendered":"Actualit\u00e9s"},"content":{"rendered":"<p style=\"user-select: auto;\">[hupso_hide]\n","protected":false},"excerpt":{"rendered":"<p>[hupso_hide]<\/p>\n","protected":false},"author":1,"featured_media":55678,"parent":0,"menu_order":0,"comment_status":"closed","ping_status":"closed","template":"template-blog-grid.php","meta":{"kt_blocks_editor_width":"","footnotes":""},"class_list":["post-55685","page","type-page","status-publish","has-post-thumbnail","hentry"],"yoast_head":"<!-- This site is optimized with the Yoast SEO plugin v27.6 - https:\/\/yoast.com\/product\/yoast-seo-wordpress\/ -->\n<title>Actualit\u00e9s - Photographe Professionnel \u00e0 Bordeaux &#x1f4f7; Sebastien Huruguen<\/title>\n<meta name=\"description\" content=\"S\u00e9bastien Huruguen Photographe Professionnel \u00e0 Bordeaux. Actualit\u00e9s, nouveaut\u00e9s, publications, shootings professionnels et extraits de s\u00e9ances photos pour les particuliers. Photographe Culinaire Bordeaux. Photographe Immobilier Bordeaux. Photographe EVJF Bordeaux. Photographe grossesse en Gironde. Studio Photo Packshot\" \/>\n<meta name=\"robots\" content=\"index, follow, max-snippet:-1, max-image-preview:large, max-video-preview:-1\" \/>\n<link rel=\"canonical\" href=\"https:\/\/www.huruguen.fr\/site\/actualites\/\" \/>\n<meta property=\"og:locale\" content=\"fr_FR\" \/>\n<meta property=\"og:type\" content=\"article\" \/>\n<meta property=\"og:title\" content=\"Actualit\u00e9s - Photographe Professionnel \u00e0 Bordeaux &#x1f4f7; Sebastien Huruguen\" \/>\n<meta property=\"og:description\" content=\"S\u00e9bastien Huruguen Photographe Professionnel \u00e0 Bordeaux. Actualit\u00e9s, nouveaut\u00e9s, publications, shootings professionnels et extraits de s\u00e9ances photos pour les particuliers. Photographe Culinaire Bordeaux. Photographe Immobilier Bordeaux. Photographe EVJF Bordeaux. Photographe grossesse en Gironde. Studio Photo Packshot\" \/>\n<meta property=\"og:url\" content=\"https:\/\/www.huruguen.fr\/site\/actualites\/\" \/>\n<meta property=\"og:site_name\" content=\"Photographe Professionnel \u00e0 Bordeaux &#x1f4f7; Sebastien Huruguen\" \/>\n<meta property=\"article:publisher\" content=\"https:\/\/www.facebook.com\/huruguen\" \/>\n<meta property=\"article:modified_time\" content=\"2022-11-17T09:50:04+00:00\" \/>\n<meta property=\"og:image\" content=\"https:\/\/www.huruguen.fr\/site\/wp-content\/uploads\/2012\/05\/lydia-bordeaux-parc-bordelais-mode-book-sebastien-huruguen-portrait-banc-danseuse.jpg\" \/>\n\t<meta property=\"og:image:width\" content=\"1500\" \/>\n\t<meta property=\"og:image:height\" content=\"1000\" \/>\n\t<meta property=\"og:image:type\" content=\"image\/jpeg\" \/>\n<meta name=\"twitter:card\" content=\"summary_large_image\" \/>\n<meta name=\"twitter:site\" content=\"@www_huruguen_fr\" \/>\n<meta name=\"twitter:label1\" content=\"Dur\u00e9e de lecture estim\u00e9e\" \/>\n\t<meta name=\"twitter:data1\" content=\"1 minute\" \/>\n<script type=\"application\/ld+json\" class=\"yoast-schema-graph\">{\"@context\":\"https:\\\/\\\/schema.org\",\"@graph\":[{\"@type\":\"WebPage\",\"@id\":\"https:\\\/\\\/www.huruguen.fr\\\/site\\\/actualites\\\/\",\"url\":\"https:\\\/\\\/www.huruguen.fr\\\/site\\\/actualites\\\/\",\"name\":\"Actualit\u00e9s - Photographe Professionnel \u00e0 Bordeaux &#x1f4f7; Sebastien Huruguen\",\"isPartOf\":{\"@id\":\"https:\\\/\\\/www.huruguen.fr\\\/site\\\/#website\"},\"primaryImageOfPage\":{\"@id\":\"https:\\\/\\\/www.huruguen.fr\\\/site\\\/actualites\\\/#primaryimage\"},\"image\":{\"@id\":\"https:\\\/\\\/www.huruguen.fr\\\/site\\\/actualites\\\/#primaryimage\"},\"thumbnailUrl\":\"https:\\\/\\\/www.huruguen.fr\\\/site\\\/wp-content\\\/uploads\\\/2012\\\/05\\\/lydia-bordeaux-parc-bordelais-mode-book-sebastien-huruguen-portrait-banc-danseuse.jpg\",\"datePublished\":\"2017-11-21T10:55:52+00:00\",\"dateModified\":\"2022-11-17T09:50:04+00:00\",\"description\":\"S\u00e9bastien Huruguen Photographe Professionnel \u00e0 Bordeaux. Actualit\u00e9s, nouveaut\u00e9s, publications, shootings professionnels et extraits de s\u00e9ances photos pour les particuliers. Photographe Culinaire Bordeaux. Photographe Immobilier Bordeaux. Photographe EVJF Bordeaux. Photographe grossesse en Gironde. Studio Photo Packshot\",\"breadcrumb\":{\"@id\":\"https:\\\/\\\/www.huruguen.fr\\\/site\\\/actualites\\\/#breadcrumb\"},\"inLanguage\":\"fr-FR\",\"potentialAction\":[{\"@type\":\"ReadAction\",\"target\":[\"https:\\\/\\\/www.huruguen.fr\\\/site\\\/actualites\\\/\"]}]},{\"@type\":\"ImageObject\",\"inLanguage\":\"fr-FR\",\"@id\":\"https:\\\/\\\/www.huruguen.fr\\\/site\\\/actualites\\\/#primaryimage\",\"url\":\"https:\\\/\\\/www.huruguen.fr\\\/site\\\/wp-content\\\/uploads\\\/2012\\\/05\\\/lydia-bordeaux-parc-bordelais-mode-book-sebastien-huruguen-portrait-banc-danseuse.jpg\",\"contentUrl\":\"https:\\\/\\\/www.huruguen.fr\\\/site\\\/wp-content\\\/uploads\\\/2012\\\/05\\\/lydia-bordeaux-parc-bordelais-mode-book-sebastien-huruguen-portrait-banc-danseuse.jpg\",\"width\":1500,\"height\":1000,\"caption\":\"lydia-bordeaux-parc-bordelais-mode-book-sebastien-huruguen-portrait-banc-danseuse-actualit\u00e9s\"},{\"@type\":\"BreadcrumbList\",\"@id\":\"https:\\\/\\\/www.huruguen.fr\\\/site\\\/actualites\\\/#breadcrumb\",\"itemListElement\":[{\"@type\":\"ListItem\",\"position\":1,\"name\":\"Accueil\",\"item\":\"https:\\\/\\\/www.huruguen.fr\\\/site\\\/\"},{\"@type\":\"ListItem\",\"position\":2,\"name\":\"Actualit\u00e9s\"}]},{\"@type\":\"WebSite\",\"@id\":\"https:\\\/\\\/www.huruguen.fr\\\/site\\\/#website\",\"url\":\"https:\\\/\\\/www.huruguen.fr\\\/site\\\/\",\"name\":\"Photographe Professionnel \u00e0 Bordeaux Sebastien Huruguen\",\"description\":\"Photographe professionnel ind\u00e9pendant a Bordeaux. Prestations et services photograpphiques pour les professionnels et particuliers : reportages, s\u00e9ances photos, studio, packshot.\",\"publisher\":{\"@id\":\"https:\\\/\\\/www.huruguen.fr\\\/site\\\/#organization\"},\"potentialAction\":[{\"@type\":\"SearchAction\",\"target\":{\"@type\":\"EntryPoint\",\"urlTemplate\":\"https:\\\/\\\/www.huruguen.fr\\\/site\\\/?s={search_term_string}\"},\"query-input\":{\"@type\":\"PropertyValueSpecification\",\"valueRequired\":true,\"valueName\":\"search_term_string\"}}],\"inLanguage\":\"fr-FR\"},{\"@type\":\"Organization\",\"@id\":\"https:\\\/\\\/www.huruguen.fr\\\/site\\\/#organization\",\"name\":\"S\u00e9bastien Huruguen Photographe\",\"url\":\"https:\\\/\\\/www.huruguen.fr\\\/site\\\/\",\"logo\":{\"@type\":\"ImageObject\",\"inLanguage\":\"fr-FR\",\"@id\":\"https:\\\/\\\/www.huruguen.fr\\\/site\\\/#\\\/schema\\\/logo\\\/image\\\/\",\"url\":\"https:\\\/\\\/www.huruguen.fr\\\/site\\\/wp-content\\\/uploads\\\/2018\\\/03\\\/Logo-Huruguen-triptique-2018-noir-1500.jpg\",\"contentUrl\":\"https:\\\/\\\/www.huruguen.fr\\\/site\\\/wp-content\\\/uploads\\\/2018\\\/03\\\/Logo-Huruguen-triptique-2018-noir-1500.jpg\",\"width\":1500,\"height\":1500,\"caption\":\"S\u00e9bastien Huruguen Photographe\"},\"image\":{\"@id\":\"https:\\\/\\\/www.huruguen.fr\\\/site\\\/#\\\/schema\\\/logo\\\/image\\\/\"},\"sameAs\":[\"https:\\\/\\\/www.facebook.com\\\/huruguen\",\"https:\\\/\\\/x.com\\\/www_huruguen_fr\",\"https:\\\/\\\/www.instagram.com\\\/sebastien.huruguen\\\/\"]}]}<\/script>\n<!-- \/ Yoast SEO plugin. -->","yoast_head_json":{"title":"Actualit\u00e9s - Photographe Professionnel \u00e0 Bordeaux &#x1f4f7; Sebastien Huruguen","description":"S\u00e9bastien Huruguen Photographe Professionnel \u00e0 Bordeaux. Actualit\u00e9s, nouveaut\u00e9s, publications, shootings professionnels et extraits de s\u00e9ances photos pour les particuliers. Photographe Culinaire Bordeaux. Photographe Immobilier Bordeaux. Photographe EVJF Bordeaux. Photographe grossesse en Gironde. Studio Photo Packshot","robots":{"index":"index","follow":"follow","max-snippet":"max-snippet:-1","max-image-preview":"max-image-preview:large","max-video-preview":"max-video-preview:-1"},"canonical":"https:\/\/www.huruguen.fr\/site\/actualites\/","og_locale":"fr_FR","og_type":"article","og_title":"Actualit\u00e9s - Photographe Professionnel \u00e0 Bordeaux &#x1f4f7; Sebastien Huruguen","og_description":"S\u00e9bastien Huruguen Photographe Professionnel \u00e0 Bordeaux. Actualit\u00e9s, nouveaut\u00e9s, publications, shootings professionnels et extraits de s\u00e9ances photos pour les particuliers. Photographe Culinaire Bordeaux. Photographe Immobilier Bordeaux. Photographe EVJF Bordeaux. Photographe grossesse en Gironde. Studio Photo Packshot","og_url":"https:\/\/www.huruguen.fr\/site\/actualites\/","og_site_name":"Photographe Professionnel \u00e0 Bordeaux &#x1f4f7; Sebastien Huruguen","article_publisher":"https:\/\/www.facebook.com\/huruguen","article_modified_time":"2022-11-17T09:50:04+00:00","og_image":[{"width":1500,"height":1000,"url":"https:\/\/www.huruguen.fr\/site\/wp-content\/uploads\/2012\/05\/lydia-bordeaux-parc-bordelais-mode-book-sebastien-huruguen-portrait-banc-danseuse.jpg","type":"image\/jpeg"}],"twitter_card":"summary_large_image","twitter_site":"@www_huruguen_fr","twitter_misc":{"Dur\u00e9e de lecture estim\u00e9e":"1 minute"},"schema":{"@context":"https:\/\/schema.org","@graph":[{"@type":"WebPage","@id":"https:\/\/www.huruguen.fr\/site\/actualites\/","url":"https:\/\/www.huruguen.fr\/site\/actualites\/","name":"Actualit\u00e9s - Photographe Professionnel \u00e0 Bordeaux &#x1f4f7; Sebastien Huruguen","isPartOf":{"@id":"https:\/\/www.huruguen.fr\/site\/#website"},"primaryImageOfPage":{"@id":"https:\/\/www.huruguen.fr\/site\/actualites\/#primaryimage"},"image":{"@id":"https:\/\/www.huruguen.fr\/site\/actualites\/#primaryimage"},"thumbnailUrl":"https:\/\/www.huruguen.fr\/site\/wp-content\/uploads\/2012\/05\/lydia-bordeaux-parc-bordelais-mode-book-sebastien-huruguen-portrait-banc-danseuse.jpg","datePublished":"2017-11-21T10:55:52+00:00","dateModified":"2022-11-17T09:50:04+00:00","description":"S\u00e9bastien Huruguen Photographe Professionnel \u00e0 Bordeaux. Actualit\u00e9s, nouveaut\u00e9s, publications, shootings professionnels et extraits de s\u00e9ances photos pour les particuliers. Photographe Culinaire Bordeaux. Photographe Immobilier Bordeaux. Photographe EVJF Bordeaux. Photographe grossesse en Gironde. Studio Photo Packshot","breadcrumb":{"@id":"https:\/\/www.huruguen.fr\/site\/actualites\/#breadcrumb"},"inLanguage":"fr-FR","potentialAction":[{"@type":"ReadAction","target":["https:\/\/www.huruguen.fr\/site\/actualites\/"]}]},{"@type":"ImageObject","inLanguage":"fr-FR","@id":"https:\/\/www.huruguen.fr\/site\/actualites\/#primaryimage","url":"https:\/\/www.huruguen.fr\/site\/wp-content\/uploads\/2012\/05\/lydia-bordeaux-parc-bordelais-mode-book-sebastien-huruguen-portrait-banc-danseuse.jpg","contentUrl":"https:\/\/www.huruguen.fr\/site\/wp-content\/uploads\/2012\/05\/lydia-bordeaux-parc-bordelais-mode-book-sebastien-huruguen-portrait-banc-danseuse.jpg","width":1500,"height":1000,"caption":"lydia-bordeaux-parc-bordelais-mode-book-sebastien-huruguen-portrait-banc-danseuse-actualit\u00e9s"},{"@type":"BreadcrumbList","@id":"https:\/\/www.huruguen.fr\/site\/actualites\/#breadcrumb","itemListElement":[{"@type":"ListItem","position":1,"name":"Accueil","item":"https:\/\/www.huruguen.fr\/site\/"},{"@type":"ListItem","position":2,"name":"Actualit\u00e9s"}]},{"@type":"WebSite","@id":"https:\/\/www.huruguen.fr\/site\/#website","url":"https:\/\/www.huruguen.fr\/site\/","name":"Photographe Professionnel \u00e0 Bordeaux Sebastien Huruguen","description":"Photographe professionnel ind\u00e9pendant a Bordeaux. Prestations et services photograpphiques pour les professionnels et particuliers : reportages, s\u00e9ances photos, studio, packshot.","publisher":{"@id":"https:\/\/www.huruguen.fr\/site\/#organization"},"potentialAction":[{"@type":"SearchAction","target":{"@type":"EntryPoint","urlTemplate":"https:\/\/www.huruguen.fr\/site\/?s={search_term_string}"},"query-input":{"@type":"PropertyValueSpecification","valueRequired":true,"valueName":"search_term_string"}}],"inLanguage":"fr-FR"},{"@type":"Organization","@id":"https:\/\/www.huruguen.fr\/site\/#organization","name":"S\u00e9bastien Huruguen Photographe","url":"https:\/\/www.huruguen.fr\/site\/","logo":{"@type":"ImageObject","inLanguage":"fr-FR","@id":"https:\/\/www.huruguen.fr\/site\/#\/schema\/logo\/image\/","url":"https:\/\/www.huruguen.fr\/site\/wp-content\/uploads\/2018\/03\/Logo-Huruguen-triptique-2018-noir-1500.jpg","contentUrl":"https:\/\/www.huruguen.fr\/site\/wp-content\/uploads\/2018\/03\/Logo-Huruguen-triptique-2018-noir-1500.jpg","width":1500,"height":1500,"caption":"S\u00e9bastien Huruguen Photographe"},"image":{"@id":"https:\/\/www.huruguen.fr\/site\/#\/schema\/logo\/image\/"},"sameAs":["https:\/\/www.facebook.com\/huruguen","https:\/\/x.com\/www_huruguen_fr","https:\/\/www.instagram.com\/sebastien.huruguen\/"]}]}},"_links":{"self":[{"href":"https:\/\/www.huruguen.fr\/site\/wp-json\/wp\/v2\/pages\/55685","targetHints":{"allow":["GET"]}}],"collection":[{"href":"https:\/\/www.huruguen.fr\/site\/wp-json\/wp\/v2\/pages"}],"about":[{"href":"https:\/\/www.huruguen.fr\/site\/wp-json\/wp\/v2\/types\/page"}],"author":[{"embeddable":true,"href":"https:\/\/www.huruguen.fr\/site\/wp-json\/wp\/v2\/users\/1"}],"replies":[{"embeddable":true,"href":"https:\/\/www.huruguen.fr\/site\/wp-json\/wp\/v2\/comments?post=55685"}],"version-history":[{"count":3,"href":"https:\/\/www.huruguen.fr\/site\/wp-json\/wp\/v2\/pages\/55685\/revisions"}],"predecessor-version":[{"id":62558,"href":"https:\/\/www.huruguen.fr\/site\/wp-json\/wp\/v2\/pages\/55685\/revisions\/62558"}],"wp:featuredmedia":[{"embeddable":true,"href":"https:\/\/www.huruguen.fr\/site\/wp-json\/wp\/v2\/media\/55678"}],"wp:attachment":[{"href":"https:\/\/www.huruguen.fr\/site\/wp-json\/wp\/v2\/media?parent=55685"}],"curies":[{"name":"wp","href":"https:\/\/api.w.org\/{rel}","templated":true}]}}