{"id":55682,"date":"2017-11-21T11:49:26","date_gmt":"2017-11-21T10:49:26","guid":{"rendered":"http:\/\/www.huruguen.fr\/site\/?page_id=55682"},"modified":"2020-04-07T13:24:36","modified_gmt":"2020-04-07T12:24:36","slug":"blog","status":"publish","type":"page","link":"https:\/\/www.huruguen.fr\/site\/blog\/","title":{"rendered":"Blog"},"content":{"rendered":"\n[hupso_hide]\n","protected":false},"excerpt":{"rendered":"<p>[hupso_hide]<\/p>\n","protected":false},"author":1,"featured_media":55337,"parent":0,"menu_order":0,"comment_status":"closed","ping_status":"closed","template":"template-blog-grid.php","meta":{"kt_blocks_editor_width":"","footnotes":""},"class_list":["post-55682","page","type-page","status-publish","has-post-thumbnail","hentry"],"yoast_head":"<!-- This site is optimized with the Yoast SEO plugin v27.4 - https:\/\/yoast.com\/product\/yoast-seo-wordpress\/ -->\n<title>Blog - Photographe Professionnel \u00e0 Bordeaux &#x1f4f7; Sebastien Huruguen<\/title>\n<meta name=\"description\" content=\"S\u00e9bastien Huruguen Photographe Professionnel \u00e0 Bordeaux. Blog du photographe professionnel S\u00e9bastien Huruguen sp\u00e9cialiste de la photo de mariage \u00e0 Bordeaux. Backstage de shooting et s\u00e9ances photos, photos de voyages, actualit\u00e9s instagram et autres images captur\u00e9es et partag\u00e9es ici et l\u00e0 au gr\u00e8s de mes envies.\" \/>\n<meta name=\"robots\" content=\"index, follow, max-snippet:-1, max-image-preview:large, max-video-preview:-1\" \/>\n<link rel=\"canonical\" href=\"https:\/\/www.huruguen.fr\/site\/blog\/\" \/>\n<meta property=\"og:locale\" content=\"fr_FR\" \/>\n<meta property=\"og:type\" content=\"article\" \/>\n<meta property=\"og:title\" content=\"Blog - Photographe Professionnel \u00e0 Bordeaux &#x1f4f7; Sebastien Huruguen\" \/>\n<meta property=\"og:description\" content=\"S\u00e9bastien Huruguen Photographe Professionnel \u00e0 Bordeaux. Blog du photographe professionnel S\u00e9bastien Huruguen sp\u00e9cialiste de la photo de mariage \u00e0 Bordeaux. Backstage de shooting et s\u00e9ances photos, photos de voyages, actualit\u00e9s instagram et autres images captur\u00e9es et partag\u00e9es ici et l\u00e0 au gr\u00e8s de mes envies.\" \/>\n<meta property=\"og:url\" content=\"https:\/\/www.huruguen.fr\/site\/blog\/\" \/>\n<meta property=\"og:site_name\" content=\"Photographe Professionnel \u00e0 Bordeaux &#x1f4f7; Sebastien Huruguen\" \/>\n<meta property=\"article:publisher\" content=\"https:\/\/www.facebook.com\/huruguen\" \/>\n<meta property=\"article:modified_time\" content=\"2020-04-07T12:24:36+00:00\" \/>\n<meta property=\"og:image\" content=\"https:\/\/www.huruguen.fr\/site\/wp-content\/uploads\/2017\/07\/sebastien-huruguen-photographe-grossesse-futurs-parents-sanguinet-landes-gironde-maman-papa-femme-enceinte-couple-arbre-feuilles.jpg\" \/>\n\t<meta property=\"og:image:width\" content=\"1500\" \/>\n\t<meta property=\"og:image:height\" content=\"1000\" \/>\n\t<meta property=\"og:image:type\" content=\"image\/jpeg\" \/>\n<meta name=\"twitter:card\" content=\"summary_large_image\" \/>\n<meta name=\"twitter:site\" content=\"@www_huruguen_fr\" \/>\n<script type=\"application\/ld+json\" class=\"yoast-schema-graph\">{\"@context\":\"https:\\\/\\\/schema.org\",\"@graph\":[{\"@type\":\"WebPage\",\"@id\":\"https:\\\/\\\/www.huruguen.fr\\\/site\\\/blog\\\/\",\"url\":\"https:\\\/\\\/www.huruguen.fr\\\/site\\\/blog\\\/\",\"name\":\"Blog - Photographe Professionnel \u00e0 Bordeaux &#x1f4f7; Sebastien Huruguen\",\"isPartOf\":{\"@id\":\"https:\\\/\\\/www.huruguen.fr\\\/site\\\/#website\"},\"primaryImageOfPage\":{\"@id\":\"https:\\\/\\\/www.huruguen.fr\\\/site\\\/blog\\\/#primaryimage\"},\"image\":{\"@id\":\"https:\\\/\\\/www.huruguen.fr\\\/site\\\/blog\\\/#primaryimage\"},\"thumbnailUrl\":\"https:\\\/\\\/www.huruguen.fr\\\/site\\\/wp-content\\\/uploads\\\/2017\\\/07\\\/sebastien-huruguen-photographe-grossesse-futurs-parents-sanguinet-landes-gironde-maman-papa-femme-enceinte-couple-arbre-feuilles.jpg\",\"datePublished\":\"2017-11-21T10:49:26+00:00\",\"dateModified\":\"2020-04-07T12:24:36+00:00\",\"description\":\"S\u00e9bastien Huruguen Photographe Professionnel \u00e0 Bordeaux. Blog du photographe professionnel S\u00e9bastien Huruguen sp\u00e9cialiste de la photo de mariage \u00e0 Bordeaux. Backstage de shooting et s\u00e9ances photos, photos de voyages, actualit\u00e9s instagram et autres images captur\u00e9es et partag\u00e9es ici et l\u00e0 au gr\u00e8s de mes envies.\",\"breadcrumb\":{\"@id\":\"https:\\\/\\\/www.huruguen.fr\\\/site\\\/blog\\\/#breadcrumb\"},\"inLanguage\":\"fr-FR\",\"potentialAction\":[{\"@type\":\"ReadAction\",\"target\":[\"https:\\\/\\\/www.huruguen.fr\\\/site\\\/blog\\\/\"]}]},{\"@type\":\"ImageObject\",\"inLanguage\":\"fr-FR\",\"@id\":\"https:\\\/\\\/www.huruguen.fr\\\/site\\\/blog\\\/#primaryimage\",\"url\":\"https:\\\/\\\/www.huruguen.fr\\\/site\\\/wp-content\\\/uploads\\\/2017\\\/07\\\/sebastien-huruguen-photographe-grossesse-futurs-parents-sanguinet-landes-gironde-maman-papa-femme-enceinte-couple-arbre-feuilles.jpg\",\"contentUrl\":\"https:\\\/\\\/www.huruguen.fr\\\/site\\\/wp-content\\\/uploads\\\/2017\\\/07\\\/sebastien-huruguen-photographe-grossesse-futurs-parents-sanguinet-landes-gironde-maman-papa-femme-enceinte-couple-arbre-feuilles.jpg\",\"width\":1500,\"height\":1000,\"caption\":\"sebastien-huruguen-photographe-grossesse-futurs-parents-sanguinet-landes-gironde-maman-papa-femme-enceinte-couple-arbre-feuilles\"},{\"@type\":\"BreadcrumbList\",\"@id\":\"https:\\\/\\\/www.huruguen.fr\\\/site\\\/blog\\\/#breadcrumb\",\"itemListElement\":[{\"@type\":\"ListItem\",\"position\":1,\"name\":\"Accueil\",\"item\":\"https:\\\/\\\/www.huruguen.fr\\\/site\\\/\"},{\"@type\":\"ListItem\",\"position\":2,\"name\":\"Blog\"}]},{\"@type\":\"WebSite\",\"@id\":\"https:\\\/\\\/www.huruguen.fr\\\/site\\\/#website\",\"url\":\"https:\\\/\\\/www.huruguen.fr\\\/site\\\/\",\"name\":\"Photographe Professionnel \u00e0 Bordeaux Sebastien Huruguen\",\"description\":\"Photographe professionnel ind\u00e9pendant a Bordeaux. Prestations et services photograpphiques pour les professionnels et particuliers : reportages, s\u00e9ances photos, studio, packshot.\",\"publisher\":{\"@id\":\"https:\\\/\\\/www.huruguen.fr\\\/site\\\/#organization\"},\"potentialAction\":[{\"@type\":\"SearchAction\",\"target\":{\"@type\":\"EntryPoint\",\"urlTemplate\":\"https:\\\/\\\/www.huruguen.fr\\\/site\\\/?s={search_term_string}\"},\"query-input\":{\"@type\":\"PropertyValueSpecification\",\"valueRequired\":true,\"valueName\":\"search_term_string\"}}],\"inLanguage\":\"fr-FR\"},{\"@type\":\"Organization\",\"@id\":\"https:\\\/\\\/www.huruguen.fr\\\/site\\\/#organization\",\"name\":\"S\u00e9bastien Huruguen Photographe\",\"url\":\"https:\\\/\\\/www.huruguen.fr\\\/site\\\/\",\"logo\":{\"@type\":\"ImageObject\",\"inLanguage\":\"fr-FR\",\"@id\":\"https:\\\/\\\/www.huruguen.fr\\\/site\\\/#\\\/schema\\\/logo\\\/image\\\/\",\"url\":\"https:\\\/\\\/www.huruguen.fr\\\/site\\\/wp-content\\\/uploads\\\/2018\\\/03\\\/Logo-Huruguen-triptique-2018-noir-1500.jpg\",\"contentUrl\":\"https:\\\/\\\/www.huruguen.fr\\\/site\\\/wp-content\\\/uploads\\\/2018\\\/03\\\/Logo-Huruguen-triptique-2018-noir-1500.jpg\",\"width\":1500,\"height\":1500,\"caption\":\"S\u00e9bastien Huruguen Photographe\"},\"image\":{\"@id\":\"https:\\\/\\\/www.huruguen.fr\\\/site\\\/#\\\/schema\\\/logo\\\/image\\\/\"},\"sameAs\":[\"https:\\\/\\\/www.facebook.com\\\/huruguen\",\"https:\\\/\\\/x.com\\\/www_huruguen_fr\",\"https:\\\/\\\/www.instagram.com\\\/sebastien.huruguen\\\/\"]}]}<\/script>\n<!-- \/ Yoast SEO plugin. -->","yoast_head_json":{"title":"Blog - Photographe Professionnel \u00e0 Bordeaux &#x1f4f7; Sebastien Huruguen","description":"S\u00e9bastien Huruguen Photographe Professionnel \u00e0 Bordeaux. Blog du photographe professionnel S\u00e9bastien Huruguen sp\u00e9cialiste de la photo de mariage \u00e0 Bordeaux. Backstage de shooting et s\u00e9ances photos, photos de voyages, actualit\u00e9s instagram et autres images captur\u00e9es et partag\u00e9es ici et l\u00e0 au gr\u00e8s de mes envies.","robots":{"index":"index","follow":"follow","max-snippet":"max-snippet:-1","max-image-preview":"max-image-preview:large","max-video-preview":"max-video-preview:-1"},"canonical":"https:\/\/www.huruguen.fr\/site\/blog\/","og_locale":"fr_FR","og_type":"article","og_title":"Blog - Photographe Professionnel \u00e0 Bordeaux &#x1f4f7; Sebastien Huruguen","og_description":"S\u00e9bastien Huruguen Photographe Professionnel \u00e0 Bordeaux. Blog du photographe professionnel S\u00e9bastien Huruguen sp\u00e9cialiste de la photo de mariage \u00e0 Bordeaux. Backstage de shooting et s\u00e9ances photos, photos de voyages, actualit\u00e9s instagram et autres images captur\u00e9es et partag\u00e9es ici et l\u00e0 au gr\u00e8s de mes envies.","og_url":"https:\/\/www.huruguen.fr\/site\/blog\/","og_site_name":"Photographe Professionnel \u00e0 Bordeaux &#x1f4f7; Sebastien Huruguen","article_publisher":"https:\/\/www.facebook.com\/huruguen","article_modified_time":"2020-04-07T12:24:36+00:00","og_image":[{"width":1500,"height":1000,"url":"https:\/\/www.huruguen.fr\/site\/wp-content\/uploads\/2017\/07\/sebastien-huruguen-photographe-grossesse-futurs-parents-sanguinet-landes-gironde-maman-papa-femme-enceinte-couple-arbre-feuilles.jpg","type":"image\/jpeg"}],"twitter_card":"summary_large_image","twitter_site":"@www_huruguen_fr","schema":{"@context":"https:\/\/schema.org","@graph":[{"@type":"WebPage","@id":"https:\/\/www.huruguen.fr\/site\/blog\/","url":"https:\/\/www.huruguen.fr\/site\/blog\/","name":"Blog - Photographe Professionnel \u00e0 Bordeaux &#x1f4f7; Sebastien Huruguen","isPartOf":{"@id":"https:\/\/www.huruguen.fr\/site\/#website"},"primaryImageOfPage":{"@id":"https:\/\/www.huruguen.fr\/site\/blog\/#primaryimage"},"image":{"@id":"https:\/\/www.huruguen.fr\/site\/blog\/#primaryimage"},"thumbnailUrl":"https:\/\/www.huruguen.fr\/site\/wp-content\/uploads\/2017\/07\/sebastien-huruguen-photographe-grossesse-futurs-parents-sanguinet-landes-gironde-maman-papa-femme-enceinte-couple-arbre-feuilles.jpg","datePublished":"2017-11-21T10:49:26+00:00","dateModified":"2020-04-07T12:24:36+00:00","description":"S\u00e9bastien Huruguen Photographe Professionnel \u00e0 Bordeaux. Blog du photographe professionnel S\u00e9bastien Huruguen sp\u00e9cialiste de la photo de mariage \u00e0 Bordeaux. Backstage de shooting et s\u00e9ances photos, photos de voyages, actualit\u00e9s instagram et autres images captur\u00e9es et partag\u00e9es ici et l\u00e0 au gr\u00e8s de mes envies.","breadcrumb":{"@id":"https:\/\/www.huruguen.fr\/site\/blog\/#breadcrumb"},"inLanguage":"fr-FR","potentialAction":[{"@type":"ReadAction","target":["https:\/\/www.huruguen.fr\/site\/blog\/"]}]},{"@type":"ImageObject","inLanguage":"fr-FR","@id":"https:\/\/www.huruguen.fr\/site\/blog\/#primaryimage","url":"https:\/\/www.huruguen.fr\/site\/wp-content\/uploads\/2017\/07\/sebastien-huruguen-photographe-grossesse-futurs-parents-sanguinet-landes-gironde-maman-papa-femme-enceinte-couple-arbre-feuilles.jpg","contentUrl":"https:\/\/www.huruguen.fr\/site\/wp-content\/uploads\/2017\/07\/sebastien-huruguen-photographe-grossesse-futurs-parents-sanguinet-landes-gironde-maman-papa-femme-enceinte-couple-arbre-feuilles.jpg","width":1500,"height":1000,"caption":"sebastien-huruguen-photographe-grossesse-futurs-parents-sanguinet-landes-gironde-maman-papa-femme-enceinte-couple-arbre-feuilles"},{"@type":"BreadcrumbList","@id":"https:\/\/www.huruguen.fr\/site\/blog\/#breadcrumb","itemListElement":[{"@type":"ListItem","position":1,"name":"Accueil","item":"https:\/\/www.huruguen.fr\/site\/"},{"@type":"ListItem","position":2,"name":"Blog"}]},{"@type":"WebSite","@id":"https:\/\/www.huruguen.fr\/site\/#website","url":"https:\/\/www.huruguen.fr\/site\/","name":"Photographe Professionnel \u00e0 Bordeaux Sebastien Huruguen","description":"Photographe professionnel ind\u00e9pendant a Bordeaux. Prestations et services photograpphiques pour les professionnels et particuliers : reportages, s\u00e9ances photos, studio, packshot.","publisher":{"@id":"https:\/\/www.huruguen.fr\/site\/#organization"},"potentialAction":[{"@type":"SearchAction","target":{"@type":"EntryPoint","urlTemplate":"https:\/\/www.huruguen.fr\/site\/?s={search_term_string}"},"query-input":{"@type":"PropertyValueSpecification","valueRequired":true,"valueName":"search_term_string"}}],"inLanguage":"fr-FR"},{"@type":"Organization","@id":"https:\/\/www.huruguen.fr\/site\/#organization","name":"S\u00e9bastien Huruguen Photographe","url":"https:\/\/www.huruguen.fr\/site\/","logo":{"@type":"ImageObject","inLanguage":"fr-FR","@id":"https:\/\/www.huruguen.fr\/site\/#\/schema\/logo\/image\/","url":"https:\/\/www.huruguen.fr\/site\/wp-content\/uploads\/2018\/03\/Logo-Huruguen-triptique-2018-noir-1500.jpg","contentUrl":"https:\/\/www.huruguen.fr\/site\/wp-content\/uploads\/2018\/03\/Logo-Huruguen-triptique-2018-noir-1500.jpg","width":1500,"height":1500,"caption":"S\u00e9bastien Huruguen Photographe"},"image":{"@id":"https:\/\/www.huruguen.fr\/site\/#\/schema\/logo\/image\/"},"sameAs":["https:\/\/www.facebook.com\/huruguen","https:\/\/x.com\/www_huruguen_fr","https:\/\/www.instagram.com\/sebastien.huruguen\/"]}]}},"_links":{"self":[{"href":"https:\/\/www.huruguen.fr\/site\/wp-json\/wp\/v2\/pages\/55682","targetHints":{"allow":["GET"]}}],"collection":[{"href":"https:\/\/www.huruguen.fr\/site\/wp-json\/wp\/v2\/pages"}],"about":[{"href":"https:\/\/www.huruguen.fr\/site\/wp-json\/wp\/v2\/types\/page"}],"author":[{"embeddable":true,"href":"https:\/\/www.huruguen.fr\/site\/wp-json\/wp\/v2\/users\/1"}],"replies":[{"embeddable":true,"href":"https:\/\/www.huruguen.fr\/site\/wp-json\/wp\/v2\/comments?post=55682"}],"version-history":[{"count":3,"href":"https:\/\/www.huruguen.fr\/site\/wp-json\/wp\/v2\/pages\/55682\/revisions"}],"predecessor-version":[{"id":60248,"href":"https:\/\/www.huruguen.fr\/site\/wp-json\/wp\/v2\/pages\/55682\/revisions\/60248"}],"wp:featuredmedia":[{"embeddable":true,"href":"https:\/\/www.huruguen.fr\/site\/wp-json\/wp\/v2\/media\/55337"}],"wp:attachment":[{"href":"https:\/\/www.huruguen.fr\/site\/wp-json\/wp\/v2\/media?parent=55682"}],"curies":[{"name":"wp","href":"https:\/\/api.w.org\/{rel}","templated":true}]}}