{"id":1859,"date":"2014-04-08T15:57:50","date_gmt":"2014-04-08T13:57:50","guid":{"rendered":"http:\/\/www.huruguen.fr\/?page_id=1859"},"modified":"2025-06-11T09:28:49","modified_gmt":"2025-06-11T08:28:49","slug":"contact-photographe-bordeaux-huruguen","status":"publish","type":"page","link":"https:\/\/www.huruguen.fr\/site\/contact-photographe-bordeaux-huruguen\/","title":{"rendered":"Contact"},"content":{"rendered":"\n<div style=\"height:57px\" aria-hidden=\"true\" class=\"wp-block-spacer\"><\/div>\n\n\n\n<h2 class=\"wp-block-heading has-text-align-center\">Professionnels, particuliers, vous avez une question ?<\/h2>\n\n\n\n<div style=\"height:34px\" aria-hidden=\"true\" class=\"wp-block-spacer\"><\/div>\n\n\n\n<h5 class=\"wp-block-heading has-text-align-center\" style=\"font-size:21px\"><a href=\"https:\/\/www.huruguen.fr\/site\/bio-sebastien-huruguen-photographe-pro-mariage-bordeaux\/\">S\u00e9bastien Huruguen Photographe<\/a> est \u00e0 votre <strong>\u00e9coute.<\/strong><\/h5>\n\n\n\n<div style=\"height:66px\" aria-hidden=\"true\" class=\"wp-block-spacer\"><\/div>\n\n\n\n<div class=\"wp-block-columns is-layout-flex wp-container-core-columns-is-layout-9d6595d7 wp-block-columns-is-layout-flex\">\n<div class=\"wp-block-column is-layout-flow wp-block-column-is-layout-flow\"><div class=\"wp-block-image\">\n<figure class=\"aligncenter size-large is-resized\"><a href=\"https:\/\/www.google.com\/maps\/place\/S%C3%A9bastien+Huruguen+Photographe\/@44.9739692,-1.7270037,8z\/data=!3m1!4b1!4m2!3m1!1s0xd54d560d5b905f5:0x79d0dd43344b4830?hl=fr-FR\" target=\"_blank\" rel=\"noopener noreferrer\"><img loading=\"lazy\" decoding=\"async\" width=\"800\" height=\"450\" src=\"https:\/\/www.huruguen.fr\/site\/wp-content\/uploads\/2011\/10\/email-adresse2.png\" alt=\"\" class=\"wp-image-1823\" style=\"width:320px;height:180px\" srcset=\"https:\/\/www.huruguen.fr\/site\/wp-content\/uploads\/2011\/10\/email-adresse2.png 800w, https:\/\/www.huruguen.fr\/site\/wp-content\/uploads\/2011\/10\/email-adresse2-300x168.png 300w\" sizes=\"auto, (max-width: 800px) 100vw, 800px\" \/><\/a><\/figure>\n<\/div><\/div>\n\n\n\n<div class=\"wp-block-column is-layout-flow wp-block-column-is-layout-flow\"><div class=\"wp-block-image\">\n<figure class=\"aligncenter size-large is-resized\"><a href=\"mailto:contact@huruguen.fr ?subject=Demande d'information - Sebastien Huruguen Photographe &amp;body=Bonjour,\" target=\"_blank\" rel=\"noopener noreferrer\"><img loading=\"lazy\" decoding=\"async\" width=\"800\" height=\"450\" src=\"https:\/\/www.huruguen.fr\/site\/wp-content\/uploads\/2011\/10\/email-H2.png\" alt=\"\" class=\"wp-image-1824\" style=\"width:320px;height:180px\" srcset=\"https:\/\/www.huruguen.fr\/site\/wp-content\/uploads\/2011\/10\/email-H2.png 800w, https:\/\/www.huruguen.fr\/site\/wp-content\/uploads\/2011\/10\/email-H2-300x168.png 300w\" sizes=\"auto, (max-width: 800px) 100vw, 800px\" \/><\/a><\/figure>\n<\/div><\/div>\n<\/div>\n\n\n\n<div style=\"height:30px\" aria-hidden=\"true\" class=\"wp-block-spacer\"><\/div>\n\n\n\n<div class=\"wp-block-columns is-layout-flex wp-container-core-columns-is-layout-9d6595d7 wp-block-columns-is-layout-flex\">\n<div class=\"wp-block-column is-layout-flow wp-block-column-is-layout-flow\">\n<p style=\"font-size:18px\">Vous souhaitez prendre contact, obtenir des <strong>renseignements<\/strong> sur les <strong>tarifs<\/strong>, les <strong>disponibilit\u00e9s<\/strong>, les services, les s\u00e9ances photos.<\/p>\n<\/div>\n\n\n\n<div class=\"wp-block-column is-layout-flow wp-block-column-is-layout-flow\">\n<p style=\"font-size:18px\">Comme pour de <a style=\"user-select: auto;\" href=\"https:\/\/www.huruguen.fr\/site\/clients-pro-photographe-bordeaux-sebastien-huruguen\/\">nombreux clients<\/a> avant vous, j\u2019\u00e9tudierai vos <strong style=\"user-select: auto;\">demandes<\/strong> et vos <strong style=\"user-select: auto;\">projets<\/strong> pour m&rsquo;adapter \u00e0 vos besoins et contraintes et vous proposer une <strong style=\"user-select: auto;\">solution<\/strong> satisfaisante.<\/p>\n<\/div>\n\n\n\n<div class=\"wp-block-column is-layout-flow wp-block-column-is-layout-flow\">\n<p style=\"font-size:18px\">N&rsquo;h\u00e9sitez pas \u00e0 me demander un <strong>devis gratuit<\/strong>, je vous <strong>r\u00e9pond<\/strong> dans les plus <strong>brefs d\u00e9lais<\/strong>.<\/p>\n\n\n\n[hupso_hide]\n<\/div>\n<\/div>\n\n\n\n<div style=\"height:50px\" aria-hidden=\"true\" class=\"wp-block-spacer\"><\/div>\n\n\n\n<div style=\"height:46px\" aria-hidden=\"true\" class=\"wp-block-spacer\"><\/div>\n\n\n\n<div class=\"wp-block-columns is-layout-flex wp-container-core-columns-is-layout-9d6595d7 wp-block-columns-is-layout-flex\">\n<div class=\"wp-block-column is-layout-flow wp-block-column-is-layout-flow\"><div class=\"wp-block-image\">\n<figure class=\"aligncenter size-large is-resized\"><a href=\"https:\/\/www.mariages.net\/photo-mariage\/sebastien-huruguen--e130027\" target=\"_blank\" rel=\"noopener noreferrer\"><img loading=\"lazy\" decoding=\"async\" width=\"500\" height=\"500\" src=\"https:\/\/www.huruguen.fr\/site\/wp-content\/uploads\/2020\/06\/sebastien-huruguen-photographe-mariage-bordeaux-badge-weddingawards-2020-recommande-mariages-net.jpg\" alt=\"\" class=\"wp-image-61033\" style=\"width:82px;height:82px\" srcset=\"https:\/\/www.huruguen.fr\/site\/wp-content\/uploads\/2020\/06\/sebastien-huruguen-photographe-mariage-bordeaux-badge-weddingawards-2020-recommande-mariages-net.jpg 500w, https:\/\/www.huruguen.fr\/site\/wp-content\/uploads\/2020\/06\/sebastien-huruguen-photographe-mariage-bordeaux-badge-weddingawards-2020-recommande-mariages-net-300x300.jpg 300w, https:\/\/www.huruguen.fr\/site\/wp-content\/uploads\/2020\/06\/sebastien-huruguen-photographe-mariage-bordeaux-badge-weddingawards-2020-recommande-mariages-net-150x150.jpg 150w, https:\/\/www.huruguen.fr\/site\/wp-content\/uploads\/2020\/06\/sebastien-huruguen-photographe-mariage-bordeaux-badge-weddingawards-2020-recommande-mariages-net-60x60.jpg 60w\" sizes=\"auto, (max-width: 500px) 100vw, 500px\" \/><\/a><\/figure>\n<\/div><\/div>\n\n\n\n<div class=\"wp-block-column is-layout-flow wp-block-column-is-layout-flow\"><div class=\"wp-block-image\">\n<figure class=\"aligncenter size-thumbnail is-resized\"><img loading=\"lazy\" decoding=\"async\" width=\"150\" height=\"150\" src=\"https:\/\/www.huruguen.fr\/site\/wp-content\/uploads\/2013\/03\/logo-MyWed-150x150.png\" alt=\"MyWed recommande les services de photographe de Mariage de S\u00e9bastien Huruguen \u00e0 Bordeaux\" class=\"wp-image-54885\" style=\"width:82px;height:82px\" srcset=\"https:\/\/www.huruguen.fr\/site\/wp-content\/uploads\/2013\/03\/logo-MyWed-150x150.png 150w, https:\/\/www.huruguen.fr\/site\/wp-content\/uploads\/2013\/03\/logo-MyWed-300x300.png 300w, https:\/\/www.huruguen.fr\/site\/wp-content\/uploads\/2013\/03\/logo-MyWed-60x60.png 60w, https:\/\/www.huruguen.fr\/site\/wp-content\/uploads\/2013\/03\/logo-MyWed-260x260.png 260w, https:\/\/www.huruguen.fr\/site\/wp-content\/uploads\/2013\/03\/logo-MyWed.png 402w\" sizes=\"auto, (max-width: 150px) 100vw, 150px\" \/><\/figure>\n<\/div><\/div>\n<\/div>\n\n\n\n<div style=\"height:61px\" aria-hidden=\"true\" class=\"wp-block-spacer\"><\/div>\n\n\n<div class=\"wp-block-image is-style-default\">\n<figure class=\"aligncenter size-large is-resized\"><img decoding=\"async\" src=\"https:\/\/www.huruguen.fr\/site\/wp-content\/uploads\/2018\/03\/Logo-Huruguen-triptique-2018-noir-1500.jpg\" alt=\"Logo Sebastien Huruguen Photographe Pro \u00e0 Bordeaux\" style=\"width:550px;height:550px\"\/><\/figure>\n<\/div>\n\n\n<h2 class=\"wp-block-heading has-text-align-center\">S\u00e9bastien Huruguen Photographe Professionnel \u00e0 Bordeaux<\/h2>\n\n\n\n<div style=\"height:100px\" aria-hidden=\"true\" class=\"wp-block-spacer\"><\/div>\n\n\n","protected":false},"excerpt":{"rendered":"<p>Professionnels, particuliers, vous avez une question ? S\u00e9bastien Huruguen Photographe est \u00e0 votre \u00e9coute. Vous souhaitez prendre contact, obtenir des renseignements sur les tarifs, les disponibilit\u00e9s, les services, les s\u00e9ances photos. Comme pour de nombreux clients avant vous, j\u2019\u00e9tudierai vos &hellip; <a href=\"https:\/\/www.huruguen.fr\/site\/contact-photographe-bordeaux-huruguen\/\">Lire la suite<\/a><\/p>\n","protected":false},"author":1,"featured_media":59232,"parent":0,"menu_order":0,"comment_status":"closed","ping_status":"closed","template":"template-contact.php","meta":{"kt_blocks_editor_width":"","footnotes":""},"class_list":["post-1859","page","type-page","status-publish","has-post-thumbnail","hentry"],"yoast_head":"<!-- This site is optimized with the Yoast SEO plugin v27.4 - https:\/\/yoast.com\/product\/yoast-seo-wordpress\/ -->\n<title>Contact - Photographe Professionnel \u00e0 Bordeaux &#x1f4f7; Sebastien Huruguen<\/title>\n<meta name=\"description\" content=\"Contact S\u00e9bastien Huruguen Photographe Pro Bordeaux. Prenez contact avec le photographe professionnel Sebastien Huruguen \u00e0 Villenave d&#039;Ornon Bordeaux qui proposes ses services photos aux professionnels de Nouvelle-Aquitaine et des s\u00e9ances photos pour les particuliers en Gironde et dans le sud ouest de la France.\" \/>\n<meta name=\"robots\" content=\"index, follow, max-snippet:-1, max-image-preview:large, max-video-preview:-1\" \/>\n<link rel=\"canonical\" href=\"https:\/\/www.huruguen.fr\/site\/contact-photographe-bordeaux-huruguen\/\" \/>\n<meta property=\"og:locale\" content=\"fr_FR\" \/>\n<meta property=\"og:type\" content=\"article\" \/>\n<meta property=\"og:title\" content=\"Contact - Photographe Professionnel \u00e0 Bordeaux &#x1f4f7; Sebastien Huruguen\" \/>\n<meta property=\"og:description\" content=\"Contact S\u00e9bastien Huruguen Photographe Pro Bordeaux. Prenez contact avec le photographe professionnel Sebastien Huruguen \u00e0 Villenave d&#039;Ornon Bordeaux qui proposes ses services photos aux professionnels de Nouvelle-Aquitaine et des s\u00e9ances photos pour les particuliers en Gironde et dans le sud ouest de la France.\" \/>\n<meta property=\"og:url\" content=\"https:\/\/www.huruguen.fr\/site\/contact-photographe-bordeaux-huruguen\/\" \/>\n<meta property=\"og:site_name\" content=\"Photographe Professionnel \u00e0 Bordeaux &#x1f4f7; Sebastien Huruguen\" \/>\n<meta property=\"article:publisher\" content=\"https:\/\/www.facebook.com\/huruguen\" \/>\n<meta property=\"article:modified_time\" content=\"2025-06-11T08:28:49+00:00\" \/>\n<meta property=\"og:image\" content=\"https:\/\/www.huruguen.fr\/site\/wp-content\/uploads\/2018\/11\/portrait-photographe-professionnel-bordeaux-sebastien-huruguen-par-loic-bonnaure-photographe.jpg\" \/>\n\t<meta property=\"og:image:width\" content=\"960\" \/>\n\t<meta property=\"og:image:height\" content=\"960\" \/>\n\t<meta property=\"og:image:type\" content=\"image\/jpeg\" \/>\n<meta name=\"twitter:card\" content=\"summary_large_image\" \/>\n<meta name=\"twitter:site\" content=\"@www_huruguen_fr\" \/>\n<meta name=\"twitter:label1\" content=\"Dur\u00e9e de lecture estim\u00e9e\" \/>\n\t<meta name=\"twitter:data1\" content=\"2 minutes\" \/>\n<script type=\"application\/ld+json\" class=\"yoast-schema-graph\">{\"@context\":\"https:\\\/\\\/schema.org\",\"@graph\":[{\"@type\":\"WebPage\",\"@id\":\"https:\\\/\\\/www.huruguen.fr\\\/site\\\/contact-photographe-bordeaux-huruguen\\\/\",\"url\":\"https:\\\/\\\/www.huruguen.fr\\\/site\\\/contact-photographe-bordeaux-huruguen\\\/\",\"name\":\"Contact - Photographe Professionnel \u00e0 Bordeaux &#x1f4f7; Sebastien Huruguen\",\"isPartOf\":{\"@id\":\"https:\\\/\\\/www.huruguen.fr\\\/site\\\/#website\"},\"primaryImageOfPage\":{\"@id\":\"https:\\\/\\\/www.huruguen.fr\\\/site\\\/contact-photographe-bordeaux-huruguen\\\/#primaryimage\"},\"image\":{\"@id\":\"https:\\\/\\\/www.huruguen.fr\\\/site\\\/contact-photographe-bordeaux-huruguen\\\/#primaryimage\"},\"thumbnailUrl\":\"https:\\\/\\\/www.huruguen.fr\\\/site\\\/wp-content\\\/uploads\\\/2018\\\/11\\\/portrait-photographe-professionnel-bordeaux-sebastien-huruguen-par-loic-bonnaure-photographe.jpg\",\"datePublished\":\"2014-04-08T13:57:50+00:00\",\"dateModified\":\"2025-06-11T08:28:49+00:00\",\"description\":\"Contact S\u00e9bastien Huruguen Photographe Pro Bordeaux. Prenez contact avec le photographe professionnel Sebastien Huruguen \u00e0 Villenave d'Ornon Bordeaux qui proposes ses services photos aux professionnels de Nouvelle-Aquitaine et des s\u00e9ances photos pour les particuliers en Gironde et dans le sud ouest de la France.\",\"breadcrumb\":{\"@id\":\"https:\\\/\\\/www.huruguen.fr\\\/site\\\/contact-photographe-bordeaux-huruguen\\\/#breadcrumb\"},\"inLanguage\":\"fr-FR\",\"potentialAction\":[{\"@type\":\"ReadAction\",\"target\":[\"https:\\\/\\\/www.huruguen.fr\\\/site\\\/contact-photographe-bordeaux-huruguen\\\/\"]}]},{\"@type\":\"ImageObject\",\"inLanguage\":\"fr-FR\",\"@id\":\"https:\\\/\\\/www.huruguen.fr\\\/site\\\/contact-photographe-bordeaux-huruguen\\\/#primaryimage\",\"url\":\"https:\\\/\\\/www.huruguen.fr\\\/site\\\/wp-content\\\/uploads\\\/2018\\\/11\\\/portrait-photographe-professionnel-bordeaux-sebastien-huruguen-par-loic-bonnaure-photographe.jpg\",\"contentUrl\":\"https:\\\/\\\/www.huruguen.fr\\\/site\\\/wp-content\\\/uploads\\\/2018\\\/11\\\/portrait-photographe-professionnel-bordeaux-sebastien-huruguen-par-loic-bonnaure-photographe.jpg\",\"width\":960,\"height\":960,\"caption\":\"sebastien huruguen photographe portrait noir et blanc\"},{\"@type\":\"BreadcrumbList\",\"@id\":\"https:\\\/\\\/www.huruguen.fr\\\/site\\\/contact-photographe-bordeaux-huruguen\\\/#breadcrumb\",\"itemListElement\":[{\"@type\":\"ListItem\",\"position\":1,\"name\":\"Accueil\",\"item\":\"https:\\\/\\\/www.huruguen.fr\\\/site\\\/\"},{\"@type\":\"ListItem\",\"position\":2,\"name\":\"Contact\"}]},{\"@type\":\"WebSite\",\"@id\":\"https:\\\/\\\/www.huruguen.fr\\\/site\\\/#website\",\"url\":\"https:\\\/\\\/www.huruguen.fr\\\/site\\\/\",\"name\":\"Photographe Professionnel \u00e0 Bordeaux Sebastien Huruguen\",\"description\":\"Photographe professionnel ind\u00e9pendant a Bordeaux. Prestations et services photograpphiques pour les professionnels et particuliers : reportages, s\u00e9ances photos, studio, packshot.\",\"publisher\":{\"@id\":\"https:\\\/\\\/www.huruguen.fr\\\/site\\\/#organization\"},\"potentialAction\":[{\"@type\":\"SearchAction\",\"target\":{\"@type\":\"EntryPoint\",\"urlTemplate\":\"https:\\\/\\\/www.huruguen.fr\\\/site\\\/?s={search_term_string}\"},\"query-input\":{\"@type\":\"PropertyValueSpecification\",\"valueRequired\":true,\"valueName\":\"search_term_string\"}}],\"inLanguage\":\"fr-FR\"},{\"@type\":\"Organization\",\"@id\":\"https:\\\/\\\/www.huruguen.fr\\\/site\\\/#organization\",\"name\":\"S\u00e9bastien Huruguen Photographe\",\"url\":\"https:\\\/\\\/www.huruguen.fr\\\/site\\\/\",\"logo\":{\"@type\":\"ImageObject\",\"inLanguage\":\"fr-FR\",\"@id\":\"https:\\\/\\\/www.huruguen.fr\\\/site\\\/#\\\/schema\\\/logo\\\/image\\\/\",\"url\":\"https:\\\/\\\/www.huruguen.fr\\\/site\\\/wp-content\\\/uploads\\\/2018\\\/03\\\/Logo-Huruguen-triptique-2018-noir-1500.jpg\",\"contentUrl\":\"https:\\\/\\\/www.huruguen.fr\\\/site\\\/wp-content\\\/uploads\\\/2018\\\/03\\\/Logo-Huruguen-triptique-2018-noir-1500.jpg\",\"width\":1500,\"height\":1500,\"caption\":\"S\u00e9bastien Huruguen Photographe\"},\"image\":{\"@id\":\"https:\\\/\\\/www.huruguen.fr\\\/site\\\/#\\\/schema\\\/logo\\\/image\\\/\"},\"sameAs\":[\"https:\\\/\\\/www.facebook.com\\\/huruguen\",\"https:\\\/\\\/x.com\\\/www_huruguen_fr\",\"https:\\\/\\\/www.instagram.com\\\/sebastien.huruguen\\\/\"]}]}<\/script>\n<!-- \/ Yoast SEO plugin. -->","yoast_head_json":{"title":"Contact - Photographe Professionnel \u00e0 Bordeaux &#x1f4f7; Sebastien Huruguen","description":"Contact S\u00e9bastien Huruguen Photographe Pro Bordeaux. Prenez contact avec le photographe professionnel Sebastien Huruguen \u00e0 Villenave d'Ornon Bordeaux qui proposes ses services photos aux professionnels de Nouvelle-Aquitaine et des s\u00e9ances photos pour les particuliers en Gironde et dans le sud ouest de la France.","robots":{"index":"index","follow":"follow","max-snippet":"max-snippet:-1","max-image-preview":"max-image-preview:large","max-video-preview":"max-video-preview:-1"},"canonical":"https:\/\/www.huruguen.fr\/site\/contact-photographe-bordeaux-huruguen\/","og_locale":"fr_FR","og_type":"article","og_title":"Contact - Photographe Professionnel \u00e0 Bordeaux &#x1f4f7; Sebastien Huruguen","og_description":"Contact S\u00e9bastien Huruguen Photographe Pro Bordeaux. Prenez contact avec le photographe professionnel Sebastien Huruguen \u00e0 Villenave d'Ornon Bordeaux qui proposes ses services photos aux professionnels de Nouvelle-Aquitaine et des s\u00e9ances photos pour les particuliers en Gironde et dans le sud ouest de la France.","og_url":"https:\/\/www.huruguen.fr\/site\/contact-photographe-bordeaux-huruguen\/","og_site_name":"Photographe Professionnel \u00e0 Bordeaux &#x1f4f7; Sebastien Huruguen","article_publisher":"https:\/\/www.facebook.com\/huruguen","article_modified_time":"2025-06-11T08:28:49+00:00","og_image":[{"width":960,"height":960,"url":"https:\/\/www.huruguen.fr\/site\/wp-content\/uploads\/2018\/11\/portrait-photographe-professionnel-bordeaux-sebastien-huruguen-par-loic-bonnaure-photographe.jpg","type":"image\/jpeg"}],"twitter_card":"summary_large_image","twitter_site":"@www_huruguen_fr","twitter_misc":{"Dur\u00e9e de lecture estim\u00e9e":"2 minutes"},"schema":{"@context":"https:\/\/schema.org","@graph":[{"@type":"WebPage","@id":"https:\/\/www.huruguen.fr\/site\/contact-photographe-bordeaux-huruguen\/","url":"https:\/\/www.huruguen.fr\/site\/contact-photographe-bordeaux-huruguen\/","name":"Contact - Photographe Professionnel \u00e0 Bordeaux &#x1f4f7; Sebastien Huruguen","isPartOf":{"@id":"https:\/\/www.huruguen.fr\/site\/#website"},"primaryImageOfPage":{"@id":"https:\/\/www.huruguen.fr\/site\/contact-photographe-bordeaux-huruguen\/#primaryimage"},"image":{"@id":"https:\/\/www.huruguen.fr\/site\/contact-photographe-bordeaux-huruguen\/#primaryimage"},"thumbnailUrl":"https:\/\/www.huruguen.fr\/site\/wp-content\/uploads\/2018\/11\/portrait-photographe-professionnel-bordeaux-sebastien-huruguen-par-loic-bonnaure-photographe.jpg","datePublished":"2014-04-08T13:57:50+00:00","dateModified":"2025-06-11T08:28:49+00:00","description":"Contact S\u00e9bastien Huruguen Photographe Pro Bordeaux. Prenez contact avec le photographe professionnel Sebastien Huruguen \u00e0 Villenave d'Ornon Bordeaux qui proposes ses services photos aux professionnels de Nouvelle-Aquitaine et des s\u00e9ances photos pour les particuliers en Gironde et dans le sud ouest de la France.","breadcrumb":{"@id":"https:\/\/www.huruguen.fr\/site\/contact-photographe-bordeaux-huruguen\/#breadcrumb"},"inLanguage":"fr-FR","potentialAction":[{"@type":"ReadAction","target":["https:\/\/www.huruguen.fr\/site\/contact-photographe-bordeaux-huruguen\/"]}]},{"@type":"ImageObject","inLanguage":"fr-FR","@id":"https:\/\/www.huruguen.fr\/site\/contact-photographe-bordeaux-huruguen\/#primaryimage","url":"https:\/\/www.huruguen.fr\/site\/wp-content\/uploads\/2018\/11\/portrait-photographe-professionnel-bordeaux-sebastien-huruguen-par-loic-bonnaure-photographe.jpg","contentUrl":"https:\/\/www.huruguen.fr\/site\/wp-content\/uploads\/2018\/11\/portrait-photographe-professionnel-bordeaux-sebastien-huruguen-par-loic-bonnaure-photographe.jpg","width":960,"height":960,"caption":"sebastien huruguen photographe portrait noir et blanc"},{"@type":"BreadcrumbList","@id":"https:\/\/www.huruguen.fr\/site\/contact-photographe-bordeaux-huruguen\/#breadcrumb","itemListElement":[{"@type":"ListItem","position":1,"name":"Accueil","item":"https:\/\/www.huruguen.fr\/site\/"},{"@type":"ListItem","position":2,"name":"Contact"}]},{"@type":"WebSite","@id":"https:\/\/www.huruguen.fr\/site\/#website","url":"https:\/\/www.huruguen.fr\/site\/","name":"Photographe Professionnel \u00e0 Bordeaux Sebastien Huruguen","description":"Photographe professionnel ind\u00e9pendant a Bordeaux. Prestations et services photograpphiques pour les professionnels et particuliers : reportages, s\u00e9ances photos, studio, packshot.","publisher":{"@id":"https:\/\/www.huruguen.fr\/site\/#organization"},"potentialAction":[{"@type":"SearchAction","target":{"@type":"EntryPoint","urlTemplate":"https:\/\/www.huruguen.fr\/site\/?s={search_term_string}"},"query-input":{"@type":"PropertyValueSpecification","valueRequired":true,"valueName":"search_term_string"}}],"inLanguage":"fr-FR"},{"@type":"Organization","@id":"https:\/\/www.huruguen.fr\/site\/#organization","name":"S\u00e9bastien Huruguen Photographe","url":"https:\/\/www.huruguen.fr\/site\/","logo":{"@type":"ImageObject","inLanguage":"fr-FR","@id":"https:\/\/www.huruguen.fr\/site\/#\/schema\/logo\/image\/","url":"https:\/\/www.huruguen.fr\/site\/wp-content\/uploads\/2018\/03\/Logo-Huruguen-triptique-2018-noir-1500.jpg","contentUrl":"https:\/\/www.huruguen.fr\/site\/wp-content\/uploads\/2018\/03\/Logo-Huruguen-triptique-2018-noir-1500.jpg","width":1500,"height":1500,"caption":"S\u00e9bastien Huruguen Photographe"},"image":{"@id":"https:\/\/www.huruguen.fr\/site\/#\/schema\/logo\/image\/"},"sameAs":["https:\/\/www.facebook.com\/huruguen","https:\/\/x.com\/www_huruguen_fr","https:\/\/www.instagram.com\/sebastien.huruguen\/"]}]}},"_links":{"self":[{"href":"https:\/\/www.huruguen.fr\/site\/wp-json\/wp\/v2\/pages\/1859","targetHints":{"allow":["GET"]}}],"collection":[{"href":"https:\/\/www.huruguen.fr\/site\/wp-json\/wp\/v2\/pages"}],"about":[{"href":"https:\/\/www.huruguen.fr\/site\/wp-json\/wp\/v2\/types\/page"}],"author":[{"embeddable":true,"href":"https:\/\/www.huruguen.fr\/site\/wp-json\/wp\/v2\/users\/1"}],"replies":[{"embeddable":true,"href":"https:\/\/www.huruguen.fr\/site\/wp-json\/wp\/v2\/comments?post=1859"}],"version-history":[{"count":125,"href":"https:\/\/www.huruguen.fr\/site\/wp-json\/wp\/v2\/pages\/1859\/revisions"}],"predecessor-version":[{"id":63345,"href":"https:\/\/www.huruguen.fr\/site\/wp-json\/wp\/v2\/pages\/1859\/revisions\/63345"}],"wp:featuredmedia":[{"embeddable":true,"href":"https:\/\/www.huruguen.fr\/site\/wp-json\/wp\/v2\/media\/59232"}],"wp:attachment":[{"href":"https:\/\/www.huruguen.fr\/site\/wp-json\/wp\/v2\/media?parent=1859"}],"curies":[{"name":"wp","href":"https:\/\/api.w.org\/{rel}","templated":true}]}}